{"id":813,"date":"2022-12-19T13:23:49","date_gmt":"2022-12-19T12:23:49","guid":{"rendered":"https:\/\/hector.be\/?page_id=813"},"modified":"2024-03-05T20:00:12","modified_gmt":"2024-03-05T19:00:12","slug":"hector-place-de-brouckere","status":"publish","type":"page","link":"https:\/\/hector.be\/nl\/restaurant\/hector-place-de-brouckere\/","title":{"rendered":"HECTOR DE BROUCKERE"},"content":{"rendered":"<div data-elementor-type=\"wp-page\" data-elementor-id=\"813\" class=\"elementor elementor-813\" data-elementor-post-type=\"page\">\n\t\t\t\t\t\t<section class=\"elementor-section elementor-top-section elementor-element elementor-element-1c6f4db elementor-section-boxed elementor-section-height-default elementor-section-height-default\" data-id=\"1c6f4db\" data-element_type=\"section\" data-settings=\"{&quot;background_background&quot;:&quot;classic&quot;}\">\n\t\t\t\t\t\t<div class=\"elementor-container elementor-column-gap-default\">\n\t\t\t\t\t<div class=\"elementor-column elementor-col-100 elementor-top-column elementor-element elementor-element-23ec003\" data-id=\"23ec003\" data-element_type=\"column\">\n\t\t\t<div class=\"elementor-widget-wrap elementor-element-populated\">\n\t\t\t\t\t\t<div class=\"elementor-element elementor-element-968ae75 elementor-widget elementor-widget-heading\" data-id=\"968ae75\" data-element_type=\"widget\" data-widget_type=\"heading.default\">\n\t\t\t\t<div class=\"elementor-widget-container\">\n\t\t\t\t\t<h2 class=\"elementor-heading-title elementor-size-default\">De Brouckere plein<\/h2>\t\t\t\t<\/div>\n\t\t\t\t<\/div>\n\t\t\t\t\t<\/div>\n\t\t<\/div>\n\t\t\t\t\t<\/div>\n\t\t<\/section>\n\t\t\t\t<section class=\"elementor-section elementor-top-section elementor-element elementor-element-2d3d630 elementor-section-full_width elementor-section-height-default elementor-section-height-default\" data-id=\"2d3d630\" data-element_type=\"section\">\n\t\t\t\t\t\t<div class=\"elementor-container elementor-column-gap-no\">\n\t\t\t\t\t<div class=\"elementor-column elementor-col-100 elementor-top-column elementor-element elementor-element-1707a45\" data-id=\"1707a45\" data-element_type=\"column\">\n\t\t\t<div class=\"elementor-widget-wrap elementor-element-populated\">\n\t\t\t\t\t\t<div class=\"elementor-element elementor-element-fa030f0 elementor-widget elementor-widget-google_maps\" data-id=\"fa030f0\" data-element_type=\"widget\" data-widget_type=\"google_maps.default\">\n\t\t\t\t<div class=\"elementor-widget-container\">\n\t\t\t\t\t\t\t<div class=\"elementor-custom-embed\">\n\t\t\t<iframe loading=\"lazy\"\n\t\t\t\t\tsrc=\"https:\/\/www.google.com\/maps\/embed\/v1\/place?key=AIzaSyACAwEzsBMwUWGByCApCoANTsbKpJHBdzs&#038;q=Hector%20chicken%20Placer%20De%20Brouck%C3%A8re&#038;zoom=15\"\n\t\t\t\t\ttitle=\"Hector chicken Placer De Brouck\u00e8re\"\n\t\t\t\t\taria-label=\"Hector chicken Placer De Brouck\u00e8re\"\n\t\t\t><\/iframe>\n\t\t<\/div>\n\t\t\t\t\t\t<\/div>\n\t\t\t\t<\/div>\n\t\t\t\t\t<\/div>\n\t\t<\/div>\n\t\t\t\t\t<\/div>\n\t\t<\/section>\n\t\t\t\t<section class=\"elementor-section elementor-top-section elementor-element elementor-element-25f2d4b elementor-section-full_width elementor-section-height-default elementor-section-height-default\" data-id=\"25f2d4b\" data-element_type=\"section\">\n\t\t\t\t\t\t<div class=\"elementor-container elementor-column-gap-default\">\n\t\t\t\t\t<div class=\"elementor-column elementor-col-50 elementor-top-column elementor-element elementor-element-af93371\" data-id=\"af93371\" data-element_type=\"column\" data-settings=\"{&quot;background_background&quot;:&quot;slideshow&quot;,&quot;background_slideshow_gallery&quot;:[{&quot;id&quot;:663,&quot;url&quot;:&quot;https:\\\/\\\/hector.be\\\/wp-content\\\/uploads\\\/2022\\\/12\\\/Resto_yourstory_agency-7400093.jpg&quot;}],&quot;background_slideshow_loop&quot;:&quot;yes&quot;,&quot;background_slideshow_slide_duration&quot;:5000,&quot;background_slideshow_slide_transition&quot;:&quot;fade&quot;,&quot;background_slideshow_transition_duration&quot;:500}\">\n\t\t\t<div class=\"elementor-widget-wrap elementor-element-populated\">\n\t\t\t\t\t\t<div class=\"elementor-element elementor-element-fe545a6 elementor-widget elementor-widget-spacer\" data-id=\"fe545a6\" data-element_type=\"widget\" data-widget_type=\"spacer.default\">\n\t\t\t\t<div class=\"elementor-widget-container\">\n\t\t\t\t\t\t\t<div class=\"elementor-spacer\">\n\t\t\t<div class=\"elementor-spacer-inner\"><\/div>\n\t\t<\/div>\n\t\t\t\t\t\t<\/div>\n\t\t\t\t<\/div>\n\t\t\t\t\t<\/div>\n\t\t<\/div>\n\t\t\t\t<div class=\"elementor-column elementor-col-50 elementor-top-column elementor-element elementor-element-69f5a71\" data-id=\"69f5a71\" data-element_type=\"column\">\n\t\t\t<div class=\"elementor-widget-wrap elementor-element-populated\">\n\t\t\t\t\t\t<div class=\"elementor-element elementor-element-6a7d9ef elementor-widget elementor-widget-image\" data-id=\"6a7d9ef\" data-element_type=\"widget\" data-widget_type=\"image.default\">\n\t\t\t\t<div class=\"elementor-widget-container\">\n\t\t\t\t\t\t\t\t\t\t\t\t\t\t\t\t<a href=\"https:\/\/www.ubereats.com\/be-en\/brand-city\/elsene-bruxelles-capitale\/hector-chicken\" target=\"_blank\">\n\t\t\t\t\t\t\t<img decoding=\"async\" width=\"369\" height=\"61\" src=\"https:\/\/hector.be\/wp-content\/uploads\/2022\/09\/Uber_Eats_2018_logo.svg\" class=\"attachment-large size-large wp-image-518\" alt=\"UberEats\" \/>\t\t\t\t\t\t\t\t<\/a>\n\t\t\t\t\t\t\t\t\t\t\t\t\t\t\t<\/div>\n\t\t\t\t<\/div>\n\t\t\t\t<div class=\"elementor-element elementor-element-c613f3f elementor-align-center elementor-widget elementor-widget-button\" data-id=\"c613f3f\" data-element_type=\"widget\" data-widget_type=\"button.default\">\n\t\t\t\t<div class=\"elementor-widget-container\">\n\t\t\t\t\t\t\t\t\t<div class=\"elementor-button-wrapper\">\n\t\t\t\t\t<a class=\"elementor-button elementor-button-link elementor-size-sm\" href=\"https:\/\/hector-debrouckere.plugandpos.com\/nl\" target=\"_blank\">\n\t\t\t\t\t\t<span class=\"elementor-button-content-wrapper\">\n\t\t\t\t\t\t\t\t\t<span class=\"elementor-button-text\">Click & Collect<\/span>\n\t\t\t\t\t<\/span>\n\t\t\t\t\t<\/a>\n\t\t\t\t<\/div>\n\t\t\t\t\t\t\t\t<\/div>\n\t\t\t\t<\/div>\n\t\t\t\t\t<\/div>\n\t\t<\/div>\n\t\t\t\t\t<\/div>\n\t\t<\/section>\n\t\t\t\t<section class=\"elementor-section elementor-top-section elementor-element elementor-element-45e10af elementor-section-boxed elementor-section-height-default elementor-section-height-default\" data-id=\"45e10af\" data-element_type=\"section\">\n\t\t\t\t\t\t<div class=\"elementor-container elementor-column-gap-default\">\n\t\t\t\t\t<div class=\"elementor-column elementor-col-33 elementor-top-column elementor-element elementor-element-770437e\" data-id=\"770437e\" data-element_type=\"column\">\n\t\t\t<div class=\"elementor-widget-wrap elementor-element-populated\">\n\t\t\t\t\t\t<div class=\"elementor-element elementor-element-ce971aa elementor-widget elementor-widget-text-editor\" data-id=\"ce971aa\" data-element_type=\"widget\" data-widget_type=\"text-editor.default\">\n\t\t\t\t<div class=\"elementor-widget-container\">\n\t\t\t\t\t\t\t\t\t<p><span style=\"color: var( --e-global-color-text ); font-family: var( --e-global-typography-text-font-family ), Sans-serif; font-size: var( --e-global-typography-text-font-size ); font-style: var( --e-global-typography-text-font-style ); font-weight: var( --e-global-typography-text-font-weight ); letter-spacing: var( --e-global-typography-text-letter-spacing ); text-transform: var( --e-global-typography-text-text-transform ); background-color: var( --e-global-color-c696dce );\">Hector Chicken Place De Brouck\u00e8re<\/span><\/p><p><span style=\"color: var( --e-global-color-text ); font-family: var( --e-global-typography-text-font-family ), Sans-serif; font-size: var( --e-global-typography-text-font-size ); font-style: var( --e-global-typography-text-font-style ); font-weight: var( --e-global-typography-text-font-weight ); letter-spacing: var( --e-global-typography-text-letter-spacing ); text-transform: var( --e-global-typography-text-text-transform ); background-color: var( --e-global-color-c696dce );\">De Brouckere plein 15<\/span><\/p><p>1000 Brussel<\/p>\t\t\t\t\t\t\t\t<\/div>\n\t\t\t\t<\/div>\n\t\t\t\t<div class=\"elementor-element elementor-element-fb14b94 elementor-icon-list--layout-traditional elementor-list-item-link-full_width elementor-widget elementor-widget-icon-list\" data-id=\"fb14b94\" data-element_type=\"widget\" data-widget_type=\"icon-list.default\">\n\t\t\t\t<div class=\"elementor-widget-container\">\n\t\t\t\t\t\t\t<ul class=\"elementor-icon-list-items\">\n\t\t\t\t\t\t\t<li class=\"elementor-icon-list-item\">\n\t\t\t\t\t\t\t\t\t\t\t<span class=\"elementor-icon-list-icon\">\n\t\t\t\t\t\t\t<i aria-hidden=\"true\" class=\"fas fa-phone-alt\"><\/i>\t\t\t\t\t\t<\/span>\n\t\t\t\t\t\t\t\t\t\t<span class=\"elementor-icon-list-text\">+32 219 09 23<\/span>\n\t\t\t\t\t\t\t\t\t<\/li>\n\t\t\t\t\t\t\t\t<li class=\"elementor-icon-list-item\">\n\t\t\t\t\t\t\t\t\t\t\t<a href=\"https:\/\/www.facebook.com\/hectorchicken.debrouckere\">\n\n\t\t\t\t\t\t\t\t\t\t\t\t<span class=\"elementor-icon-list-icon\">\n\t\t\t\t\t\t\t<i aria-hidden=\"true\" class=\"fab fa-facebook-messenger\"><\/i>\t\t\t\t\t\t<\/span>\n\t\t\t\t\t\t\t\t\t\t<span class=\"elementor-icon-list-text\">@hectorchicken.debrouckere<\/span>\n\t\t\t\t\t\t\t\t\t\t\t<\/a>\n\t\t\t\t\t\t\t\t\t<\/li>\n\t\t\t\t\t\t\t\t<li class=\"elementor-icon-list-item\">\n\t\t\t\t\t\t\t\t\t\t\t<span class=\"elementor-icon-list-icon\">\n\t\t\t\t\t\t\t<i aria-hidden=\"true\" class=\"far fa-envelope\"><\/i>\t\t\t\t\t\t<\/span>\n\t\t\t\t\t\t\t\t\t\t<span class=\"elementor-icon-list-text\">debrouckere@hector.be<\/span>\n\t\t\t\t\t\t\t\t\t<\/li>\n\t\t\t\t\t\t\t\t<li class=\"elementor-icon-list-item\">\n\t\t\t\t\t\t\t\t\t\t\t<span class=\"elementor-icon-list-icon\">\n\t\t\t\t\t\t\t<i aria-hidden=\"true\" class=\"fas fa-wifi\"><\/i>\t\t\t\t\t\t<\/span>\n\t\t\t\t\t\t\t\t\t\t<span class=\"elementor-icon-list-text\">Free Wifi<\/span>\n\t\t\t\t\t\t\t\t\t<\/li>\n\t\t\t\t\t\t\t\t<li class=\"elementor-icon-list-item\">\n\t\t\t\t\t\t\t\t\t\t\t<span class=\"elementor-icon-list-icon\">\n\t\t\t\t\t\t\t<i aria-hidden=\"true\" class=\"fas fa-credit-card\"><\/i>\t\t\t\t\t\t<\/span>\n\t\t\t\t\t\t\t\t\t\t<span class=\"elementor-icon-list-text\">Cash, Bancontact, Visa, Mastercard, Tickets Restaurants, Sans contact<\/span>\n\t\t\t\t\t\t\t\t\t<\/li>\n\t\t\t\t\t\t<\/ul>\n\t\t\t\t\t\t<\/div>\n\t\t\t\t<\/div>\n\t\t\t\t<section class=\"elementor-section elementor-inner-section elementor-element elementor-element-be75215 elementor-section-boxed elementor-section-height-default elementor-section-height-default\" data-id=\"be75215\" data-element_type=\"section\">\n\t\t\t\t\t\t<div class=\"elementor-container elementor-column-gap-default\">\n\t\t\t\t\t<div class=\"elementor-column elementor-col-100 elementor-inner-column elementor-element elementor-element-242bae2\" data-id=\"242bae2\" data-element_type=\"column\">\n\t\t\t<div class=\"elementor-widget-wrap elementor-element-populated\">\n\t\t\t\t\t\t<div class=\"elementor-element elementor-element-ca37f46 elementor-widget__width-auto elementor-widget elementor-widget-text-editor\" data-id=\"ca37f46\" data-element_type=\"widget\" data-widget_type=\"text-editor.default\">\n\t\t\t\t<div class=\"elementor-widget-container\">\n\t\t\t\t\t\t\t\t\t<p>Lundi<br \/>11h-22h00<\/p>\t\t\t\t\t\t\t\t<\/div>\n\t\t\t\t<\/div>\n\t\t\t\t<div class=\"elementor-element elementor-element-df072a5 elementor-widget__width-auto elementor-widget elementor-widget-text-editor\" data-id=\"df072a5\" data-element_type=\"widget\" data-widget_type=\"text-editor.default\">\n\t\t\t\t<div class=\"elementor-widget-container\">\n\t\t\t\t\t\t\t\t\t<p>Mardi<br \/>11h-22h00<\/p>\t\t\t\t\t\t\t\t<\/div>\n\t\t\t\t<\/div>\n\t\t\t\t<div class=\"elementor-element elementor-element-f844b93 elementor-widget__width-auto elementor-widget elementor-widget-text-editor\" data-id=\"f844b93\" data-element_type=\"widget\" data-widget_type=\"text-editor.default\">\n\t\t\t\t<div class=\"elementor-widget-container\">\n\t\t\t\t\t\t\t\t\t<p>Mercredi<br \/>11h-22h00<\/p>\t\t\t\t\t\t\t\t<\/div>\n\t\t\t\t<\/div>\n\t\t\t\t<div class=\"elementor-element elementor-element-d94590a elementor-widget__width-auto elementor-widget elementor-widget-text-editor\" data-id=\"d94590a\" data-element_type=\"widget\" data-widget_type=\"text-editor.default\">\n\t\t\t\t<div class=\"elementor-widget-container\">\n\t\t\t\t\t\t\t\t\t<p>Jeudi<br \/>11h-22h00<\/p>\t\t\t\t\t\t\t\t<\/div>\n\t\t\t\t<\/div>\n\t\t\t\t<div class=\"elementor-element elementor-element-5d4f3d9 elementor-widget__width-auto elementor-widget elementor-widget-text-editor\" data-id=\"5d4f3d9\" data-element_type=\"widget\" data-widget_type=\"text-editor.default\">\n\t\t\t\t<div class=\"elementor-widget-container\">\n\t\t\t\t\t\t\t\t\t<p>Vendredi<br \/>11h-23h00<\/p>\t\t\t\t\t\t\t\t<\/div>\n\t\t\t\t<\/div>\n\t\t\t\t<div class=\"elementor-element elementor-element-c8b1f4d elementor-widget__width-auto elementor-widget elementor-widget-text-editor\" data-id=\"c8b1f4d\" data-element_type=\"widget\" data-widget_type=\"text-editor.default\">\n\t\t\t\t<div class=\"elementor-widget-container\">\n\t\t\t\t\t\t\t\t\t<p>Samedi<br \/>11h-23h00<\/p>\t\t\t\t\t\t\t\t<\/div>\n\t\t\t\t<\/div>\n\t\t\t\t<div class=\"elementor-element elementor-element-f8cefc2 elementor-widget__width-auto elementor-widget elementor-widget-text-editor\" data-id=\"f8cefc2\" data-element_type=\"widget\" data-widget_type=\"text-editor.default\">\n\t\t\t\t<div class=\"elementor-widget-container\">\n\t\t\t\t\t\t\t\t\t<p>Dimanche<br \/>11h-23h00<\/p>\t\t\t\t\t\t\t\t<\/div>\n\t\t\t\t<\/div>\n\t\t\t\t\t<\/div>\n\t\t<\/div>\n\t\t\t\t\t<\/div>\n\t\t<\/section>\n\t\t\t\t\t<\/div>\n\t\t<\/div>\n\t\t\t\t<div class=\"elementor-column elementor-col-33 elementor-top-column elementor-element elementor-element-b0c9cc0\" data-id=\"b0c9cc0\" data-element_type=\"column\">\n\t\t\t<div class=\"elementor-widget-wrap elementor-element-populated\">\n\t\t\t\t\t\t<div class=\"elementor-element elementor-element-4785d9f elementor-widget elementor-widget-image\" data-id=\"4785d9f\" data-element_type=\"widget\" data-widget_type=\"image.default\">\n\t\t\t\t<div class=\"elementor-widget-container\">\n\t\t\t\t\t\t\t\t\t\t\t\t\t\t\t<img fetchpriority=\"high\" decoding=\"async\" width=\"768\" height=\"1152\" src=\"https:\/\/hector.be\/wp-content\/uploads\/2022\/12\/RESTAURANT_yourstory_agency-7400081-768x1152.jpg\" class=\"attachment-medium_large size-medium_large wp-image-631\" alt=\"Hector Chicken Restaurant\" srcset=\"https:\/\/hector.be\/wp-content\/uploads\/2022\/12\/RESTAURANT_yourstory_agency-7400081-768x1152.jpg 768w, https:\/\/hector.be\/wp-content\/uploads\/2022\/12\/RESTAURANT_yourstory_agency-7400081-200x300.jpg 200w, https:\/\/hector.be\/wp-content\/uploads\/2022\/12\/RESTAURANT_yourstory_agency-7400081-682x1024.jpg 682w, https:\/\/hector.be\/wp-content\/uploads\/2022\/12\/RESTAURANT_yourstory_agency-7400081-1024x1536.jpg 1024w, https:\/\/hector.be\/wp-content\/uploads\/2022\/12\/RESTAURANT_yourstory_agency-7400081-8x12.jpg 8w, https:\/\/hector.be\/wp-content\/uploads\/2022\/12\/RESTAURANT_yourstory_agency-7400081.jpg 1333w\" sizes=\"(max-width: 768px) 100vw, 768px\" \/>\t\t\t\t\t\t\t\t\t\t\t\t\t\t\t<\/div>\n\t\t\t\t<\/div>\n\t\t\t\t\t<\/div>\n\t\t<\/div>\n\t\t\t\t<div class=\"elementor-column elementor-col-33 elementor-top-column elementor-element elementor-element-d57488e\" data-id=\"d57488e\" data-element_type=\"column\">\n\t\t\t<div class=\"elementor-widget-wrap elementor-element-populated\">\n\t\t\t\t\t\t<div class=\"elementor-element elementor-element-39bc4fe elementor-widget elementor-widget-heading\" data-id=\"39bc4fe\" data-element_type=\"widget\" data-widget_type=\"heading.default\">\n\t\t\t\t<div class=\"elementor-widget-container\">\n\t\t\t\t\t<h2 class=\"elementor-heading-title elementor-size-default\">App Hector<\/h2>\t\t\t\t<\/div>\n\t\t\t\t<\/div>\n\t\t\t\t<div class=\"elementor-element elementor-element-78a9a72 elementor-widget elementor-widget-text-editor\" data-id=\"78a9a72\" data-element_type=\"widget\" data-widget_type=\"text-editor.default\">\n\t\t\t\t<div class=\"elementor-widget-container\">\n\t\t\t\t\t\t\t\t\t<p>T\u00e9l\u00e9charge l&rsquo;application Hector Chicken et profites de produits gratuits\u00a0<\/p>\t\t\t\t\t\t\t\t<\/div>\n\t\t\t\t<\/div>\n\t\t\t\t<div class=\"elementor-element elementor-element-2f6bdcd elementor-widget elementor-widget-image\" data-id=\"2f6bdcd\" data-element_type=\"widget\" data-widget_type=\"image.default\">\n\t\t\t\t<div class=\"elementor-widget-container\">\n\t\t\t\t\t\t\t\t\t\t\t\t\t\t\t<img decoding=\"async\" width=\"768\" height=\"538\" src=\"https:\/\/hector.be\/wp-content\/uploads\/2022\/12\/smartmockups_lbv034gn-768x538.jpg\" class=\"attachment-medium_large size-medium_large wp-image-917\" alt=\"\" srcset=\"https:\/\/hector.be\/wp-content\/uploads\/2022\/12\/smartmockups_lbv034gn-768x538.jpg 768w, https:\/\/hector.be\/wp-content\/uploads\/2022\/12\/smartmockups_lbv034gn-300x210.jpg 300w, https:\/\/hector.be\/wp-content\/uploads\/2022\/12\/smartmockups_lbv034gn-1024x717.jpg 1024w, https:\/\/hector.be\/wp-content\/uploads\/2022\/12\/smartmockups_lbv034gn-18x12.jpg 18w, https:\/\/hector.be\/wp-content\/uploads\/2022\/12\/smartmockups_lbv034gn.jpg 1280w\" sizes=\"(max-width: 768px) 100vw, 768px\" \/>\t\t\t\t\t\t\t\t\t\t\t\t\t\t\t<\/div>\n\t\t\t\t<\/div>\n\t\t\t\t<div class=\"elementor-element elementor-element-29c0eef elementor-widget elementor-widget-image\" data-id=\"29c0eef\" data-element_type=\"widget\" data-widget_type=\"image.default\">\n\t\t\t\t<div class=\"elementor-widget-container\">\n\t\t\t\t\t\t\t\t\t\t\t\t\t\t\t\t<a href=\"https:\/\/apps.apple.com\/be\/app\/hector-chicken\/id1601636357\" target=\"_blank\">\n\t\t\t\t\t\t\t<img loading=\"lazy\" decoding=\"async\" width=\"300\" height=\"89\" src=\"https:\/\/hector.be\/wp-content\/uploads\/2022\/12\/logoappstoreIOS-300x89.png\" class=\"attachment-medium size-medium wp-image-916\" alt=\"\" srcset=\"https:\/\/hector.be\/wp-content\/uploads\/2022\/12\/logoappstoreIOS-300x89.png 300w, https:\/\/hector.be\/wp-content\/uploads\/2022\/12\/logoappstoreIOS-1024x303.png 1024w, https:\/\/hector.be\/wp-content\/uploads\/2022\/12\/logoappstoreIOS-768x227.png 768w, https:\/\/hector.be\/wp-content\/uploads\/2022\/12\/logoappstoreIOS-18x5.png 18w, https:\/\/hector.be\/wp-content\/uploads\/2022\/12\/logoappstoreIOS.png 1084w\" sizes=\"(max-width: 300px) 100vw, 300px\" \/>\t\t\t\t\t\t\t\t<\/a>\n\t\t\t\t\t\t\t\t\t\t\t\t\t\t\t<\/div>\n\t\t\t\t<\/div>\n\t\t\t\t<div class=\"elementor-element elementor-element-8282d90 elementor-widget elementor-widget-image\" data-id=\"8282d90\" data-element_type=\"widget\" data-widget_type=\"image.default\">\n\t\t\t\t<div class=\"elementor-widget-container\">\n\t\t\t\t\t\t\t\t\t\t\t\t\t\t\t\t<a href=\"https:\/\/play.google.com\/store\/apps\/details?id=com.como.prod905420211222\">\n\t\t\t\t\t\t\t<img loading=\"lazy\" decoding=\"async\" width=\"300\" height=\"89\" src=\"https:\/\/hector.be\/wp-content\/uploads\/2022\/12\/logoappstoreGoogle-300x89.png\" class=\"attachment-medium size-medium wp-image-915\" alt=\"\" srcset=\"https:\/\/hector.be\/wp-content\/uploads\/2022\/12\/logoappstoreGoogle-300x89.png 300w, https:\/\/hector.be\/wp-content\/uploads\/2022\/12\/logoappstoreGoogle-1024x305.png 1024w, https:\/\/hector.be\/wp-content\/uploads\/2022\/12\/logoappstoreGoogle-768x229.png 768w, https:\/\/hector.be\/wp-content\/uploads\/2022\/12\/logoappstoreGoogle-18x5.png 18w, https:\/\/hector.be\/wp-content\/uploads\/2022\/12\/logoappstoreGoogle.png 1084w\" sizes=\"(max-width: 300px) 100vw, 300px\" \/>\t\t\t\t\t\t\t\t<\/a>\n\t\t\t\t\t\t\t\t\t\t\t\t\t\t\t<\/div>\n\t\t\t\t<\/div>\n\t\t\t\t\t<\/div>\n\t\t<\/div>\n\t\t\t\t\t<\/div>\n\t\t<\/section>\n\t\t\t\t<\/div>","protected":false},"excerpt":{"rendered":"<p>Place De Brouck\u00e8re Click &#038; Collect Hector Chicken Place De Brouck\u00e8re Place De Brouck\u00e8re 15 1000 Bruxelles +32 219 09 23 @hectorchicken.debrouckere debrouckere@hector.be Free Wifi Cash, Bancontact, Visa, Mastercard, Tickets Restaurants, Sans contact Lundi11h-22h00 Mardi11h-22h00 Mercredi11h-22h00 Jeudi11h-22h00 Vendredi11h-23h00 Samedi11h-23h00 Dimanche11h-23h00 App Hector T\u00e9l\u00e9charge l&rsquo;application Hector Chicken et profites de produits gratuits\u00a0<\/p>","protected":false},"author":1,"featured_media":0,"parent":510,"menu_order":0,"comment_status":"closed","ping_status":"closed","template":"elementor_header_footer","meta":{"footnotes":""},"class_list":["post-813","page","type-page","status-publish","hentry"],"aioseo_notices":[],"_links":{"self":[{"href":"https:\/\/hector.be\/nl\/wp-json\/wp\/v2\/pages\/813","targetHints":{"allow":["GET"]}}],"collection":[{"href":"https:\/\/hector.be\/nl\/wp-json\/wp\/v2\/pages"}],"about":[{"href":"https:\/\/hector.be\/nl\/wp-json\/wp\/v2\/types\/page"}],"author":[{"embeddable":true,"href":"https:\/\/hector.be\/nl\/wp-json\/wp\/v2\/users\/1"}],"replies":[{"embeddable":true,"href":"https:\/\/hector.be\/nl\/wp-json\/wp\/v2\/comments?post=813"}],"version-history":[{"count":26,"href":"https:\/\/hector.be\/nl\/wp-json\/wp\/v2\/pages\/813\/revisions"}],"predecessor-version":[{"id":2196,"href":"https:\/\/hector.be\/nl\/wp-json\/wp\/v2\/pages\/813\/revisions\/2196"}],"up":[{"embeddable":true,"href":"https:\/\/hector.be\/nl\/wp-json\/wp\/v2\/pages\/510"}],"wp:attachment":[{"href":"https:\/\/hector.be\/nl\/wp-json\/wp\/v2\/media?parent=813"}],"curies":[{"name":"wp","href":"https:\/\/api.w.org\/{rel}","templated":true}]}}