{"id":769,"date":"2022-12-19T12:35:40","date_gmt":"2022-12-19T11:35:40","guid":{"rendered":"https:\/\/hector.be\/?page_id=769"},"modified":"2024-03-22T17:33:25","modified_gmt":"2024-03-22T16:33:25","slug":"about","status":"publish","type":"page","link":"https:\/\/hector.be\/nl\/about\/","title":{"rendered":"About Hector Chicken"},"content":{"rendered":"<div data-elementor-type=\"wp-page\" data-elementor-id=\"769\" class=\"elementor elementor-769\" data-elementor-post-type=\"page\">\n\t\t\t\t\t\t<section class=\"elementor-section elementor-top-section elementor-element elementor-element-a609344 elementor-section-boxed elementor-section-height-default elementor-section-height-default\" data-id=\"a609344\" data-element_type=\"section\" data-settings=\"{&quot;background_background&quot;:&quot;slideshow&quot;,&quot;background_slideshow_gallery&quot;:[],&quot;background_slideshow_loop&quot;:&quot;yes&quot;,&quot;background_slideshow_slide_duration&quot;:5000,&quot;background_slideshow_slide_transition&quot;:&quot;fade&quot;,&quot;background_slideshow_transition_duration&quot;:500}\">\n\t\t\t\t\t\t<div class=\"elementor-container elementor-column-gap-default\">\n\t\t\t\t\t<div class=\"elementor-column elementor-col-50 elementor-top-column elementor-element elementor-element-fc4b3dd\" data-id=\"fc4b3dd\" data-element_type=\"column\">\n\t\t\t<div class=\"elementor-widget-wrap elementor-element-populated\">\n\t\t\t\t\t\t<div class=\"elementor-element elementor-element-968ae75 elementor-widget elementor-widget-heading\" data-id=\"968ae75\" data-element_type=\"widget\" data-widget_type=\"heading.default\">\n\t\t\t\t<div class=\"elementor-widget-container\">\n\t\t\t\t\t<h1 class=\"elementor-heading-title elementor-size-default\">ABOUT<\/h1>\t\t\t\t<\/div>\n\t\t\t\t<\/div>\n\t\t\t\t<div class=\"elementor-element elementor-element-0048fcb elementor-widget elementor-widget-text-editor\" data-id=\"0048fcb\" data-element_type=\"widget\" data-widget_type=\"text-editor.default\">\n\t\t\t\t<div class=\"elementor-widget-container\">\n\t\t\t\t\t\t\t\t\t<p style=\"font-weight: 400;\">Chez Hector, c&rsquo;est le plaisir de se retrouver, de partager et de profiter d&rsquo;un bon plat \u00e0 base de poulet, qui allie plaisir et qualit\u00e9.<\/p><p style=\"font-weight: 400;\">Convivialit\u00e9, g\u00e9n\u00e9rosit\u00e9 et tradition&#8230; sont les valeurs que les \u00e9quipes d&rsquo;Hector incarnent pour que vous vous sentiez comme \u00e0 la maison.<\/p><p style=\"font-weight: 400;\">Hector, c&rsquo;est une histoire de famille qui dure depuis 30 ans. En tant que sp\u00e9cialiste du poulet sous toutes<br \/>ses formes, Hector prend plaisir \u00e0 cuisiner un produit de qualit\u00e9 s\u00e9lectionn\u00e9 avec soin dans des fili\u00e8res locales, belges et reconnues. Que ce soit du poulet<br \/>r\u00f4ti, frit ou cuisin\u00e9, Hector veut combler toutes vos envies, pourvu qu&rsquo;elles soient gourmandes !<\/p><p style=\"font-weight: 400;\">Hector, c&rsquo;est aussi des plats phares, tels que le poulet r\u00f4ti, le vol-au-vent et les sauces chaudes cuisin\u00e9es maison chaque matin, qui vous offrent la garantie d&rsquo;une exp\u00e9rience g\u00e9n\u00e9reuse et go\u00fbtue. Des<br \/>produits de qualit\u00e9 pr\u00e9par\u00e9s avec soin, des techniques ma\u00eetris\u00e9es et des recettes traditionnelles qui font la r\u00e9putation d&rsquo;Hector.<\/p><p style=\"font-weight: 400;\">Nous avons h\u00e2te de vous revoir.<\/p>\t\t\t\t\t\t\t\t<\/div>\n\t\t\t\t<\/div>\n\t\t\t\t\t<\/div>\n\t\t<\/div>\n\t\t\t\t<div class=\"elementor-column elementor-col-50 elementor-top-column elementor-element elementor-element-b3b29aa\" data-id=\"b3b29aa\" data-element_type=\"column\">\n\t\t\t<div class=\"elementor-widget-wrap elementor-element-populated\">\n\t\t\t\t\t\t<div class=\"elementor-element elementor-element-a3959b6 elementor-widget elementor-widget-image\" data-id=\"a3959b6\" data-element_type=\"widget\" data-widget_type=\"image.default\">\n\t\t\t\t<div class=\"elementor-widget-container\">\n\t\t\t\t\t\t\t\t\t\t\t\t\t\t\t<img fetchpriority=\"high\" decoding=\"async\" width=\"683\" height=\"1024\" src=\"https:\/\/hector.be\/wp-content\/uploads\/2024\/03\/f-1233_HD-683x1024.jpg\" class=\"attachment-large size-large wp-image-2609\" alt=\"\" srcset=\"https:\/\/hector.be\/wp-content\/uploads\/2024\/03\/f-1233_HD-683x1024.jpg 683w, https:\/\/hector.be\/wp-content\/uploads\/2024\/03\/f-1233_HD-200x300.jpg 200w, https:\/\/hector.be\/wp-content\/uploads\/2024\/03\/f-1233_HD-768x1152.jpg 768w, https:\/\/hector.be\/wp-content\/uploads\/2024\/03\/f-1233_HD-1024x1536.jpg 1024w, https:\/\/hector.be\/wp-content\/uploads\/2024\/03\/f-1233_HD-1365x2048.jpg 1365w, https:\/\/hector.be\/wp-content\/uploads\/2024\/03\/f-1233_HD-8x12.jpg 8w, https:\/\/hector.be\/wp-content\/uploads\/2024\/03\/f-1233_HD.jpg 1500w\" sizes=\"(max-width: 683px) 100vw, 683px\" \/>\t\t\t\t\t\t\t\t\t\t\t\t\t\t\t<\/div>\n\t\t\t\t<\/div>\n\t\t\t\t\t<\/div>\n\t\t<\/div>\n\t\t\t\t\t<\/div>\n\t\t<\/section>\n\t\t\t\t<\/div>","protected":false},"excerpt":{"rendered":"<p>ABOUT Chez Hector, c&rsquo;est le plaisir de se retrouver, de partager et de profiter d&rsquo;un bon plat \u00e0 base de poulet, qui allie plaisir et qualit\u00e9. Convivialit\u00e9, g\u00e9n\u00e9rosit\u00e9 et tradition&#8230; sont les valeurs que les \u00e9quipes d&rsquo;Hector incarnent pour que vous vous sentiez comme \u00e0 la maison. Hector, c&rsquo;est une histoire de famille qui dure [&hellip;]<\/p>","protected":false},"author":1,"featured_media":0,"parent":0,"menu_order":0,"comment_status":"closed","ping_status":"closed","template":"elementor_header_footer","meta":{"footnotes":""},"class_list":["post-769","page","type-page","status-publish","hentry"],"aioseo_notices":[],"_links":{"self":[{"href":"https:\/\/hector.be\/nl\/wp-json\/wp\/v2\/pages\/769","targetHints":{"allow":["GET"]}}],"collection":[{"href":"https:\/\/hector.be\/nl\/wp-json\/wp\/v2\/pages"}],"about":[{"href":"https:\/\/hector.be\/nl\/wp-json\/wp\/v2\/types\/page"}],"author":[{"embeddable":true,"href":"https:\/\/hector.be\/nl\/wp-json\/wp\/v2\/users\/1"}],"replies":[{"embeddable":true,"href":"https:\/\/hector.be\/nl\/wp-json\/wp\/v2\/comments?post=769"}],"version-history":[{"count":18,"href":"https:\/\/hector.be\/nl\/wp-json\/wp\/v2\/pages\/769\/revisions"}],"predecessor-version":[{"id":2720,"href":"https:\/\/hector.be\/nl\/wp-json\/wp\/v2\/pages\/769\/revisions\/2720"}],"wp:attachment":[{"href":"https:\/\/hector.be\/nl\/wp-json\/wp\/v2\/media?parent=769"}],"curies":[{"name":"wp","href":"https:\/\/api.w.org\/{rel}","templated":true}]}}