{"id":3060,"date":"2025-02-04T11:29:22","date_gmt":"2025-02-04T10:29:22","guid":{"rendered":"https:\/\/hector.be\/?page_id=3060"},"modified":"2025-02-06T16:57:31","modified_gmt":"2025-02-06T15:57:31","slug":"survey","status":"publish","type":"page","link":"https:\/\/hector.be\/nl\/survey\/","title":{"rendered":"Hector Chicken Survey"},"content":{"rendered":"<div data-elementor-type=\"wp-page\" data-elementor-id=\"3060\" class=\"elementor elementor-3060\" data-elementor-post-type=\"page\">\n\t\t\t\t\t\t<section class=\"elementor-section elementor-top-section elementor-element elementor-element-2d3d630 elementor-section-boxed elementor-section-height-default elementor-section-height-default\" data-id=\"2d3d630\" data-element_type=\"section\" data-settings=\"{&quot;background_background&quot;:&quot;classic&quot;}\">\n\t\t\t\t\t\t<div class=\"elementor-container elementor-column-gap-no\">\n\t\t\t\t\t<div class=\"elementor-column elementor-col-100 elementor-top-column elementor-element elementor-element-eb23a27\" data-id=\"eb23a27\" data-element_type=\"column\">\n\t\t\t<div class=\"elementor-widget-wrap elementor-element-populated\">\n\t\t\t\t\t\t<div class=\"elementor-element elementor-element-d5d0326 elementor-widget elementor-widget-heading\" data-id=\"d5d0326\" data-element_type=\"widget\" data-widget_type=\"heading.default\">\n\t\t\t\t<div class=\"elementor-widget-container\">\n\t\t\t\t\t<h2 class=\"elementor-heading-title elementor-size-default\">Enqu\u00eate de satisfaction Hector<\/h2>\t\t\t\t<\/div>\n\t\t\t\t<\/div>\n\t\t\t\t<div class=\"elementor-element elementor-element-028814f elementor-widget elementor-widget-text-editor\" data-id=\"028814f\" data-element_type=\"widget\" data-widget_type=\"text-editor.default\">\n\t\t\t\t<div class=\"elementor-widget-container\">\n\t\t\t\t\t\t\t\t\t<p>Aidez-nous \u00e0 am\u00e9liorer votre exp\u00e9rience chez Hector Chicken en r\u00e9pondant \u00e0 ce court questionnaire (5 min max).<\/p><p>En bonus, recevez une surprise gourmande apr\u00e8s votre participation !<\/p>\t\t\t\t\t\t\t\t<\/div>\n\t\t\t\t<\/div>\n\t\t\t\t<div class=\"elementor-element elementor-element-3885fdb elementor-widget elementor-widget-text-editor\" data-id=\"3885fdb\" data-element_type=\"widget\" data-widget_type=\"text-editor.default\">\n\t\t\t\t<div class=\"elementor-widget-container\">\n\t\t\t\t\t\t\t\t\t<p><div class=\"wpforms-container wpforms-container-full\" id=\"wpforms-3049\"><form id=\"wpforms-form-3049\" class=\"wpforms-validate wpforms-form wpforms-ajax-form\" data-formid=\"3049\" method=\"post\" enctype=\"multipart\/form-data\" action=\"\/nl\/wp-json\/wp\/v2\/pages\/3060\" data-token=\"dbafbaec0bf67c40398f6581063af48c\" data-token-time=\"1777594325\" data-trp-original-action=\"\/nl\/wp-json\/wp\/v2\/pages\/3060\"><noscript class=\"wpforms-error-noscript\">Schakel JavaScript in je browser in om dit formulier in te vullen.<\/noscript><div class=\"wpforms-page-indicator connector\" data-indicator=\"connector\" data-indicator-color=\"#72b239\" data-scroll=\"1\"><div class=\"wpforms-page-indicator-page active wpforms-page-indicator-page-1\" style=\"width:33.333333333333%;\"><span class=\"wpforms-page-indicator-page-number\" style=\"background-color:#72b239\">1<span class=\"wpforms-page-indicator-page-triangle\" style=\"border-top-color:#72b239\"><\/span><\/span><\/div><div class=\"wpforms-page-indicator-page  wpforms-page-indicator-page-2\" style=\"width:33.333333333333%;\"><span class=\"wpforms-page-indicator-page-number\">2<span class=\"wpforms-page-indicator-page-triangle\"><\/span><\/span><\/div><div class=\"wpforms-page-indicator-page  wpforms-page-indicator-page-3\" style=\"width:33.333333333333%;\"><span class=\"wpforms-page-indicator-page-number\">3<span class=\"wpforms-page-indicator-page-triangle\"><\/span><\/span><\/div><\/div><div class=\"wpforms-field-container\"><div class=\"wpforms-page wpforms-page-1\" data-page=\"1\"><div id=\"wpforms-3049-field_27-container\" class=\"wpforms-field wpforms-field-pagebreak\" data-field-id=\"27\"><\/div><div id=\"wpforms-3049-field_30-container\" class=\"wpforms-field wpforms-field-number-slider\" data-field-id=\"30\"><label class=\"wpforms-field-label\" for=\"wpforms-3049-field_30\">Number Slider<\/label>\n<input\n\ttype=\"range\"\n\tid=\"wpforms-3049-field_30\" class=\"wpforms-field-medium\" name=\"wpforms[fields][30]\" value=\"0\"\t\tmin=\"0\"\n\tmax=\"10\"\n\tstep=\"1\">\n\n<div class=\"wpforms-field-number-slider-hint\"\n\tdata-hint=\"Selected Value: {value}\">\n\tSelected Value: <b>0<\/b><\/div>\n<\/div><div id=\"wpforms-3049-field_1-container\" class=\"wpforms-field wpforms-field-select wpforms-field-select-style-classic\" data-field-id=\"1\"><label class=\"wpforms-field-label\" for=\"wpforms-3049-field_1\">Sexe<\/label><select id=\"wpforms-3049-field_1\" class=\"wpforms-field-medium\" name=\"wpforms[fields][1]\"><option value=\"\" class=\"placeholder\" disabled selected='selected'>Vous \u00eates<\/option><option value=\"Une femme\" >Une femme<\/option><option value=\"Un homme\" >Un homme<\/option><option value=\"Autre \/ Je pr\u00e9f\u00e8re ne pas dire\" >Autre \/ Je pr\u00e9f\u00e8re ne pas dire<\/option><\/select><\/div><div id=\"wpforms-3049-field_2-container\" class=\"wpforms-field wpforms-field-select wpforms-field-select-style-classic\" data-field-id=\"2\"><label class=\"wpforms-field-label\" for=\"wpforms-3049-field_2\">\u00c2ge<\/label><select id=\"wpforms-3049-field_2\" class=\"wpforms-field-medium\" name=\"wpforms[fields][2]\"><option value=\"\" class=\"placeholder\" disabled selected='selected'>Quel est votre \u00e2ge?<\/option><option value=\"Moins de 18 ans\" >Moins de 18 ans<\/option><option value=\"18 - 24 ans\" >18 &#8211; 24 ans<\/option><option value=\"25 - 34 ans\" >25 &#8211; 34 ans<\/option><option value=\"35 - 44 ans\" >35 &#8211; 44 ans<\/option><option value=\"45 - 54 ans\" >45 &#8211; 54 ans<\/option><option value=\"55 ans et plus\" >55 ans et plus<\/option><\/select><\/div><div id=\"wpforms-3049-field_3-container\" class=\"wpforms-field wpforms-field-select wpforms-conditional-trigger wpforms-field-select-style-classic\" data-field-id=\"3\"><label class=\"wpforms-field-label\" for=\"wpforms-3049-field_3\">Situation professionnelle<\/label><select id=\"wpforms-3049-field_3\" class=\"wpforms-field-medium\" name=\"wpforms[fields][3]\"><option value=\"\" class=\"placeholder\" disabled selected='selected'>Quelle est votre situation professionnelle ?<\/option><option value=\"\u00c9tudiant(e)\" >\u00c9tudiant(e)<\/option><option value=\"Ind\u00e9pendant(e) \/ Entrepreneur\" >Ind\u00e9pendant(e) \/ Entrepreneur<\/option><option value=\"Cadre \/ Manager\" >Cadre \/ Manager<\/option><option value=\"Fonctionnaire\" >Fonctionnaire<\/option><option value=\"En recherche d\u2019emploi\" >En recherche d\u2019emploi<\/option><option value=\"Retrait\u00e9(e)\" >Retrait\u00e9(e)<\/option><option value=\"Autre : (r\u00e9ponse ouverte)\" >Autre : (r\u00e9ponse ouverte)<\/option><\/select><\/div><div id=\"wpforms-3049-field_4-container\" class=\"wpforms-field wpforms-field-textarea wpforms-conditional-field wpforms-conditional-show\" data-field-id=\"4\" style=\"display:none;\"><label class=\"wpforms-field-label\" for=\"wpforms-3049-field_4\">Si autre situation<\/label><textarea id=\"wpforms-3049-field_4\" class=\"wpforms-field-medium\" name=\"wpforms[fields][4]\" ><\/textarea><\/div><div id=\"wpforms-3049-field_26-container\" class=\"wpforms-field wpforms-field-pagebreak\" data-field-id=\"26\"><div class=\"wpforms-clear wpforms-pagebreak-left\"><button class=\"wpforms-page-button wpforms-page-next\" data-action=\"next\" data-page=\"1\" data-formid=\"3049\" disabled>Next<\/button><\/div><\/div><\/div><div class=\"wpforms-page wpforms-page-2\" data-page=\"2\" style=\"display:none;\"><div id=\"wpforms-3049-field_25-container\" class=\"wpforms-field wpforms-field-divider elementor-heading-title\" data-field-id=\"25\"><h3 id=\"wpforms-3049-field_25\">Exp\u00e9rience chez Hector Chicken<\/h3><\/div><div id=\"wpforms-3049-field_31-container\" class=\"wpforms-field wpforms-field-select wpforms-field-select-style-classic\" data-field-id=\"31\"><label class=\"wpforms-field-label\" for=\"wpforms-3049-field_31\">Quel est votre restaurant pr\u00e9f\u00e9r\u00e9 ?<\/label><select id=\"wpforms-3049-field_31\" class=\"wpforms-field-medium\" name=\"wpforms[fields][31]\"><option value=\"Toison D&#039;or\" >Toison D&#039;or<\/option><option value=\"De Brouck\u00e8re\" >De Brouck\u00e8re<\/option><option value=\"Bascule\" >Bascule<\/option><option value=\"ULB\" >ULB<\/option><option value=\"Saint-Gilles\" >Saint-Gilles<\/option><option value=\"Anvers\" >Anvers<\/option><option value=\"Li\u00e8ge\" >Li\u00e8ge<\/option><\/select><\/div><div id=\"wpforms-3049-field_5-container\" class=\"wpforms-field wpforms-field-select wpforms-field-select-style-classic\" data-field-id=\"5\"><label class=\"wpforms-field-label\" for=\"wpforms-3049-field_5\">Avec qui venez-vous le plus souvent ?<\/label><select id=\"wpforms-3049-field_5\" class=\"wpforms-field-medium\" name=\"wpforms[fields][5]\"><option value=\"\" class=\"placeholder\" disabled selected='selected'>Avec qui venez-vous le plus souvent chez Hector Chicken ?<\/option><option value=\"Seul(e)\" >Seul(e)<\/option><option value=\"En couple\" >En couple<\/option><option value=\"En famille\" >En famille<\/option><option value=\"Avec des coll\u00e8gues\" >Avec des coll\u00e8gues<\/option><option value=\"Avec des amis\" >Avec des amis<\/option><\/select><\/div><div id=\"wpforms-3049-field_9-container\" class=\"wpforms-field wpforms-field-select wpforms-field-select-style-classic\" data-field-id=\"9\"><label class=\"wpforms-field-label\" for=\"wpforms-3049-field_9\">Fr\u00e9quence de visite<\/label><select id=\"wpforms-3049-field_9\" class=\"wpforms-field-medium\" name=\"wpforms[fields][9]\"><option value=\"\" class=\"placeholder\" disabled selected='selected'>\u00c0 quelle fr\u00e9quence venez-vous chez Hector Chicken ?<\/option><option value=\"Premi\u00e8re visite\" >Premi\u00e8re visite<\/option><option value=\"Moins d&#039;une fois par mois\" >Moins d&#039;une fois par mois<\/option><option value=\"1 \u00e0 3 fois par mois\" >1 \u00e0 3 fois par mois<\/option><option value=\"1 fois par semaine ou plus\" >1 fois par semaine ou plus<\/option><\/select><\/div><div id=\"wpforms-3049-field_10-container\" class=\"wpforms-field wpforms-field-checkbox wpforms-conditional-trigger\" data-field-id=\"10\"><label class=\"wpforms-field-label\">Motivation principale <\/label><ul id=\"wpforms-3049-field_10\" data-choice-limit=\"2\"><li class=\"choice-1 depth-1\"><input type=\"checkbox\" id=\"wpforms-3049-field_10_1\" data-rule-check-limit=\"true\" name=\"wpforms[fields][10][]\" value=\"Le go\u00fbt du poulet r\u00f4ti \/ tenders \/ nuggets\"  ><label class=\"wpforms-field-label-inline\" for=\"wpforms-3049-field_10_1\">Le go\u00fbt du poulet r\u00f4ti \/ tenders \/ nuggets<\/label><\/li><li class=\"choice-2 depth-1\"><input type=\"checkbox\" id=\"wpforms-3049-field_10_2\" data-rule-check-limit=\"true\" name=\"wpforms[fields][10][]\" value=\"La rapidit\u00e9 du service\"  ><label class=\"wpforms-field-label-inline\" for=\"wpforms-3049-field_10_2\">La rapidit\u00e9 du service<\/label><\/li><li class=\"choice-3 depth-1\"><input type=\"checkbox\" id=\"wpforms-3049-field_10_3\" data-rule-check-limit=\"true\" name=\"wpforms[fields][10][]\" value=\"Le rapport qualit\u00e9-prix\"  ><label class=\"wpforms-field-label-inline\" for=\"wpforms-3049-field_10_3\">Le rapport qualit\u00e9-prix<\/label><\/li><li class=\"choice-6 depth-1\"><input type=\"checkbox\" id=\"wpforms-3049-field_10_6\" data-rule-check-limit=\"true\" name=\"wpforms[fields][10][]\" value=\"L\u2019ambiance et l\u2019accueil\"  ><label class=\"wpforms-field-label-inline\" for=\"wpforms-3049-field_10_6\">L\u2019ambiance et l\u2019accueil<\/label><\/li><li class=\"choice-5 depth-1\"><input type=\"checkbox\" id=\"wpforms-3049-field_10_5\" data-rule-check-limit=\"true\" name=\"wpforms[fields][10][]\" value=\"La proximit\u00e9 de l\u2019enseigne\"  ><label class=\"wpforms-field-label-inline\" for=\"wpforms-3049-field_10_5\">La proximit\u00e9 de l\u2019enseigne<\/label><\/li><li class=\"choice-4 depth-1\"><input type=\"checkbox\" id=\"wpforms-3049-field_10_4\" data-rule-check-limit=\"true\" name=\"wpforms[fields][10][]\" value=\"Autre : (r\u00e9ponse ouverte)\"  ><label class=\"wpforms-field-label-inline\" for=\"wpforms-3049-field_10_4\">Autre : (r\u00e9ponse ouverte)<\/label><\/li><\/ul><div class=\"wpforms-field-description\">Qu&rsquo;est-ce qui vous attire le plus chez Hector Chicken <\/div><\/div><div id=\"wpforms-3049-field_11-container\" class=\"wpforms-field wpforms-field-textarea wpforms-conditional-field wpforms-conditional-show\" data-field-id=\"11\" style=\"display:none;\"><label class=\"wpforms-field-label\" for=\"wpforms-3049-field_11\">Si autre motivation<\/label><textarea id=\"wpforms-3049-field_11\" class=\"wpforms-field-medium\" name=\"wpforms[fields][11]\" ><\/textarea><\/div><div id=\"wpforms-3049-field_12-container\" class=\"wpforms-field wpforms-field-select wpforms-conditional-trigger wpforms-field-select-style-classic\" data-field-id=\"12\"><label class=\"wpforms-field-label\" for=\"wpforms-3049-field_12\">Plat pr\u00e9f\u00e9r\u00e9 <\/label><select id=\"wpforms-3049-field_12\" class=\"wpforms-field-medium\" name=\"wpforms[fields][12]\"><option value=\"\" class=\"placeholder\" disabled selected='selected'>Quel est votre produit pr\u00e9f\u00e9r\u00e9 chez Hector Chicken ?<\/option><option value=\"Poulet r\u00f4ti\" >Poulet r\u00f4ti<\/option><option value=\"Nuggets\" >Nuggets<\/option><option value=\"Tenders\" >Tenders<\/option><option value=\"Wings\" >Wings<\/option><option value=\"Frites\" >Frites<\/option><option value=\"Burgers\" >Burgers<\/option><option value=\"Sauces et plats piquants\" >Sauces et plats piquants<\/option><option value=\"Autre\" >Autre<\/option><\/select><\/div><div id=\"wpforms-3049-field_13-container\" class=\"wpforms-field wpforms-field-textarea wpforms-conditional-field wpforms-conditional-show\" data-field-id=\"13\" style=\"display:none;\"><label class=\"wpforms-field-label\" for=\"wpforms-3049-field_13\">Autre plat pr\u00e9f\u00e9r\u00e9<\/label><textarea id=\"wpforms-3049-field_13\" class=\"wpforms-field-medium\" name=\"wpforms[fields][13]\" ><\/textarea><\/div><div id=\"wpforms-3049-field_14-container\" class=\"wpforms-field wpforms-field-rating wpforms-conditional-trigger\" data-field-id=\"14\"><label class=\"wpforms-field-label\">Exp\u00e9rience client <\/label><div class=\"wpforms-field-rating-items\"><label class=\"wpforms-field-rating-item choice-1\" for=\"wpforms-3049-field_14_1\"><span class=\"wpforms-screen-reader-element\">Rate 1 out of 5<\/span><input type=\"radio\" id=\"wpforms-3049-field_14_1\" class=\"wpforms-screen-reader-element\" name=\"wpforms[fields][14]\" value=\"1\" ><svg width=\"28\" height=\"28\" style=\"height:28px;width:28px;\" fill=\"currentColor\" color=\"#e27730\" viewbox=\"0 0 1792 1792\" xmlns=\"http:\/\/www.w3.org\/2000\/svg\"><path d=\"M1728 647q0 22-26 48l-363 354 86 500q1 7 1 20 0 21-10.5 35.5t-30.5 14.5q-19 0-40-12l-449-236-449 236q-22 12-40 12-21 0-31.5-14.5t-10.5-35.5q0-6 2-20l86-500-364-354q-25-27-25-48 0-37 56-46l502-73 225-455q19-41 49-41t49 41l225 455 502 73q56 9 56 46z\"\/><\/svg><\/label><label class=\"wpforms-field-rating-item choice-2\" for=\"wpforms-3049-field_14_2\"><span class=\"wpforms-screen-reader-element\">Rate 2 out of 5<\/span><input type=\"radio\" id=\"wpforms-3049-field_14_2\" class=\"wpforms-screen-reader-element\" name=\"wpforms[fields][14]\" value=\"2\" ><svg width=\"28\" height=\"28\" style=\"height:28px;width:28px;\" fill=\"currentColor\" color=\"#e27730\" viewbox=\"0 0 1792 1792\" xmlns=\"http:\/\/www.w3.org\/2000\/svg\"><path d=\"M1728 647q0 22-26 48l-363 354 86 500q1 7 1 20 0 21-10.5 35.5t-30.5 14.5q-19 0-40-12l-449-236-449 236q-22 12-40 12-21 0-31.5-14.5t-10.5-35.5q0-6 2-20l86-500-364-354q-25-27-25-48 0-37 56-46l502-73 225-455q19-41 49-41t49 41l225 455 502 73q56 9 56 46z\"\/><\/svg><\/label><label class=\"wpforms-field-rating-item choice-3\" for=\"wpforms-3049-field_14_3\"><span class=\"wpforms-screen-reader-element\">Rate 3 out of 5<\/span><input type=\"radio\" id=\"wpforms-3049-field_14_3\" class=\"wpforms-screen-reader-element\" name=\"wpforms[fields][14]\" value=\"3\" ><svg width=\"28\" height=\"28\" style=\"height:28px;width:28px;\" fill=\"currentColor\" color=\"#e27730\" viewbox=\"0 0 1792 1792\" xmlns=\"http:\/\/www.w3.org\/2000\/svg\"><path d=\"M1728 647q0 22-26 48l-363 354 86 500q1 7 1 20 0 21-10.5 35.5t-30.5 14.5q-19 0-40-12l-449-236-449 236q-22 12-40 12-21 0-31.5-14.5t-10.5-35.5q0-6 2-20l86-500-364-354q-25-27-25-48 0-37 56-46l502-73 225-455q19-41 49-41t49 41l225 455 502 73q56 9 56 46z\"\/><\/svg><\/label><label class=\"wpforms-field-rating-item choice-4\" for=\"wpforms-3049-field_14_4\"><span class=\"wpforms-screen-reader-element\">Rate 4 out of 5<\/span><input type=\"radio\" id=\"wpforms-3049-field_14_4\" class=\"wpforms-screen-reader-element\" name=\"wpforms[fields][14]\" value=\"4\" ><svg width=\"28\" height=\"28\" style=\"height:28px;width:28px;\" fill=\"currentColor\" color=\"#e27730\" viewbox=\"0 0 1792 1792\" xmlns=\"http:\/\/www.w3.org\/2000\/svg\"><path d=\"M1728 647q0 22-26 48l-363 354 86 500q1 7 1 20 0 21-10.5 35.5t-30.5 14.5q-19 0-40-12l-449-236-449 236q-22 12-40 12-21 0-31.5-14.5t-10.5-35.5q0-6 2-20l86-500-364-354q-25-27-25-48 0-37 56-46l502-73 225-455q19-41 49-41t49 41l225 455 502 73q56 9 56 46z\"\/><\/svg><\/label><label class=\"wpforms-field-rating-item choice-5\" for=\"wpforms-3049-field_14_5\"><span class=\"wpforms-screen-reader-element\">Rate 5 out of 5<\/span><input type=\"radio\" id=\"wpforms-3049-field_14_5\" class=\"wpforms-screen-reader-element\" name=\"wpforms[fields][14]\" value=\"5\" ><svg width=\"28\" height=\"28\" style=\"height:28px;width:28px;\" fill=\"currentColor\" color=\"#e27730\" viewbox=\"0 0 1792 1792\" xmlns=\"http:\/\/www.w3.org\/2000\/svg\"><path d=\"M1728 647q0 22-26 48l-363 354 86 500q1 7 1 20 0 21-10.5 35.5t-30.5 14.5q-19 0-40-12l-449-236-449 236q-22 12-40 12-21 0-31.5-14.5t-10.5-35.5q0-6 2-20l86-500-364-354q-25-27-25-48 0-37 56-46l502-73 225-455q19-41 49-41t49 41l225 455 502 73q56 9 56 46z\"\/><\/svg><\/label><\/div><div class=\"wpforms-field-description\">Sur une \u00e9chelle de 1 \u00e0 5, comment \u00e9valuez-vous votre exp\u00e9rience globale chez Hector Chicken ?\n(1 = Tr\u00e8s insatisfait | 5 = Excellent)<\/div><\/div><div id=\"wpforms-3049-field_15-container\" class=\"wpforms-field wpforms-field-textarea wpforms-conditional-field wpforms-conditional-show\" data-field-id=\"15\" style=\"display:none;\"><label class=\"wpforms-field-label\" for=\"wpforms-3049-field_15\">Si moins de 4 \u00e9toiles, pourquoi ? <\/label><textarea id=\"wpforms-3049-field_15\" class=\"wpforms-field-medium\" name=\"wpforms[fields][15]\" placeholder=\"Si vous avez mis 3 ou moins, pouvez-vous nous dire pourquoi ?\" ><\/textarea><\/div><div id=\"wpforms-3049-field_16-container\" class=\"wpforms-field wpforms-field-checkbox wpforms-conditional-trigger\" data-field-id=\"16\"><label class=\"wpforms-field-label\">Facteurs de fid\u00e9lit\u00e9 <\/label><ul id=\"wpforms-3049-field_16\" data-choice-limit=\"2\"><li class=\"choice-1 depth-1\"><input type=\"checkbox\" id=\"wpforms-3049-field_16_1\" data-rule-check-limit=\"true\" name=\"wpforms[fields][16][]\" value=\"Nouvelles recettes ou produits\"  ><label class=\"wpforms-field-label-inline\" for=\"wpforms-3049-field_16_1\">Nouvelles recettes ou produits<\/label><\/li><li class=\"choice-2 depth-1\"><input type=\"checkbox\" id=\"wpforms-3049-field_16_2\" data-rule-check-limit=\"true\" name=\"wpforms[fields][16][]\" value=\"Offres sp\u00e9ciales et promotions\"  ><label class=\"wpforms-field-label-inline\" for=\"wpforms-3049-field_16_2\">Offres sp\u00e9ciales et promotions<\/label><\/li><li class=\"choice-3 depth-1\"><input type=\"checkbox\" id=\"wpforms-3049-field_16_3\" data-rule-check-limit=\"true\" name=\"wpforms[fields][16][]\" value=\"Programmes de fid\u00e9lit\u00e9\"  ><label class=\"wpforms-field-label-inline\" for=\"wpforms-3049-field_16_3\">Programmes de fid\u00e9lit\u00e9<\/label><\/li><li class=\"choice-5 depth-1\"><input type=\"checkbox\" id=\"wpforms-3049-field_16_5\" data-rule-check-limit=\"true\" name=\"wpforms[fields][16][]\" value=\"Plus de restaurants Hector Chicken\"  ><label class=\"wpforms-field-label-inline\" for=\"wpforms-3049-field_16_5\">Plus de restaurants Hector Chicken<\/label><\/li><li class=\"choice-4 depth-1\"><input type=\"checkbox\" id=\"wpforms-3049-field_16_4\" data-rule-check-limit=\"true\" name=\"wpforms[fields][16][]\" value=\"Autre\"  ><label class=\"wpforms-field-label-inline\" for=\"wpforms-3049-field_16_4\">Autre<\/label><\/li><\/ul><div class=\"wpforms-field-description\">Qu&rsquo;est-ce qui vous inciterait \u00e0 revenir plus souvent ?<\/div><\/div><div id=\"wpforms-3049-field_17-container\" class=\"wpforms-field wpforms-field-textarea wpforms-conditional-field wpforms-conditional-show\" data-field-id=\"17\" style=\"display:none;\"><label class=\"wpforms-field-label\" for=\"wpforms-3049-field_17\">Si autre facteur fid\u00e9lit\u00e9<\/label><textarea id=\"wpforms-3049-field_17\" class=\"wpforms-field-medium\" name=\"wpforms[fields][17]\" ><\/textarea><\/div><div id=\"wpforms-3049-field_18-container\" class=\"wpforms-field wpforms-field-select wpforms-conditional-trigger wpforms-field-select-style-classic\" data-field-id=\"18\"><label class=\"wpforms-field-label\" for=\"wpforms-3049-field_18\">Recommandation <\/label><select id=\"wpforms-3049-field_18\" class=\"wpforms-field-medium\" name=\"wpforms[fields][18]\"><option value=\"\" class=\"placeholder\" disabled selected='selected'>Recommanderiez-vous Hector Chicken \u00e0 vos amis ou votre famille?<\/option><option value=\"Oui, sans h\u00e9siter !\" >Oui, sans h\u00e9siter !<\/option><option value=\"Oui, mais avec quelques r\u00e9serves\" >Oui, mais avec quelques r\u00e9serves<\/option><option value=\"Non, pas vraiment\" >Non, pas vraiment<\/option><\/select><\/div><div id=\"wpforms-3049-field_19-container\" class=\"wpforms-field wpforms-field-textarea wpforms-conditional-field wpforms-conditional-show\" data-field-id=\"19\" style=\"display:none;\"><label class=\"wpforms-field-label\" for=\"wpforms-3049-field_19\">Si non, pourquoi ? <\/label><textarea id=\"wpforms-3049-field_19\" class=\"wpforms-field-medium\" name=\"wpforms[fields][19]\" ><\/textarea><\/div><div id=\"wpforms-3049-field_29-container\" class=\"wpforms-field wpforms-field-pagebreak\" data-field-id=\"29\"><div class=\"wpforms-clear wpforms-pagebreak-left\"><button class=\"wpforms-page-button wpforms-page-next\" data-action=\"next\" data-page=\"2\" data-formid=\"3049\" disabled>Next<\/button><\/div><\/div><\/div><div class=\"wpforms-page wpforms-page-3 last\" data-page=\"3\" style=\"display:none;\"><div id=\"wpforms-3049-field_20-container\" class=\"wpforms-field wpforms-field-divider\" data-field-id=\"20\"><h3 id=\"wpforms-3049-field_20\">Surprise gourmande et e-mail<\/h3><\/div><div id=\"wpforms-3049-field_24-container\" class=\"wpforms-field wpforms-field-email\" data-field-id=\"24\"><label class=\"wpforms-field-label\" for=\"wpforms-3049-field_24\">Email <span class=\"wpforms-required-label\">*<\/span><\/label><input type=\"email\" id=\"wpforms-3049-field_24\" class=\"wpforms-field-medium wpforms-field-required\" name=\"wpforms[fields][24]\" spellcheck=\"false\" required><div class=\"wpforms-field-description\">Inscrivez votre adresse e-mail pour recevoir gratuitement 3 wings et \u00eatre inform\u00e9(e) des nouveaut\u00e9s et promotions Hector Chicken<\/div><\/div><div id=\"wpforms-3049-field_28-container\" class=\"wpforms-field wpforms-field-pagebreak\" data-field-id=\"28\"><div class=\"wpforms-clear wpforms-pagebreak-left\"><\/div><\/div><\/div><\/div><!-- .wpforms-field-container --><div class=\"wpforms-submit-container\" style=\"display:none;\"><input type=\"hidden\" name=\"wpforms[id]\" value=\"3049\"><input type=\"hidden\" name=\"page_title\" value=\"\"><input type=\"hidden\" name=\"page_url\" value=\"https:\/\/hector.be\/nl\/wp-json\/wp\/v2\/pages\/3060\"><button type=\"submit\" name=\"wpforms[submit]\" id=\"wpforms-submit-3049\" class=\"wpforms-submit\" data-alt-text=\"Sending...\" data-submit-text=\"Submit\" aria-live=\"assertive\" value=\"wpforms-submit\">Submit<\/button><img decoding=\"async\" src=\"https:\/\/hector.be\/wp-content\/plugins\/wpforms\/assets\/images\/submit-spin.svg\" class=\"wpforms-submit-spinner\" style=\"display: none;\" width=\"26\" height=\"26\" alt=\"Aan het laden\"><\/div><input type=\"hidden\" name=\"trp-form-language\" value=\"nl\"\/><\/form><\/div>  <!-- .wpforms-container --><\/p>\t\t\t\t\t\t\t\t<\/div>\n\t\t\t\t<\/div>\n\t\t\t\t\t<\/div>\n\t\t<\/div>\n\t\t\t\t\t<\/div>\n\t\t<\/section>\n\t\t\t\t<\/div>","protected":false},"excerpt":{"rendered":"<p>Enqu\u00eate de satisfaction Hector Aidez-nous \u00e0 am\u00e9liorer votre exp\u00e9rience chez Hector Chicken en r\u00e9pondant \u00e0 ce court questionnaire (5 min max). En bonus, recevez une surprise gourmande apr\u00e8s votre participation !<\/p>","protected":false},"author":1,"featured_media":0,"parent":0,"menu_order":0,"comment_status":"closed","ping_status":"closed","template":"elementor_header_footer","meta":{"footnotes":""},"class_list":["post-3060","page","type-page","status-publish","hentry"],"aioseo_notices":[],"_links":{"self":[{"href":"https:\/\/hector.be\/nl\/wp-json\/wp\/v2\/pages\/3060","targetHints":{"allow":["GET"]}}],"collection":[{"href":"https:\/\/hector.be\/nl\/wp-json\/wp\/v2\/pages"}],"about":[{"href":"https:\/\/hector.be\/nl\/wp-json\/wp\/v2\/types\/page"}],"author":[{"embeddable":true,"href":"https:\/\/hector.be\/nl\/wp-json\/wp\/v2\/users\/1"}],"replies":[{"embeddable":true,"href":"https:\/\/hector.be\/nl\/wp-json\/wp\/v2\/comments?post=3060"}],"version-history":[{"count":40,"href":"https:\/\/hector.be\/nl\/wp-json\/wp\/v2\/pages\/3060\/revisions"}],"predecessor-version":[{"id":3129,"href":"https:\/\/hector.be\/nl\/wp-json\/wp\/v2\/pages\/3060\/revisions\/3129"}],"wp:attachment":[{"href":"https:\/\/hector.be\/nl\/wp-json\/wp\/v2\/media?parent=3060"}],"curies":[{"name":"wp","href":"https:\/\/api.w.org\/{rel}","templated":true}]}}