{"id":2776,"date":"2024-10-30T16:38:05","date_gmt":"2024-10-30T15:38:05","guid":{"rendered":"https:\/\/hector.be\/?page_id=2776"},"modified":"2024-11-05T17:10:27","modified_gmt":"2024-11-05T16:10:27","slug":"anniversaire","status":"publish","type":"page","link":"https:\/\/hector.be\/nl\/anniversaire\/","title":{"rendered":"Anniversaire Hector Li\u00e8ge, Place de la Cath\u00e9drale"},"content":{"rendered":"<div data-elementor-type=\"wp-page\" data-elementor-id=\"2776\" class=\"elementor elementor-2776\" data-elementor-post-type=\"page\">\n\t\t\t\t<div class=\"elementor-element elementor-element-b1b2205 e-con-full e-flex e-con e-parent\" data-id=\"b1b2205\" data-element_type=\"container\">\n\t\t\t\t<div class=\"elementor-element elementor-element-f3c8d55 elementor-widget elementor-widget-heading\" data-id=\"f3c8d55\" data-element_type=\"widget\" data-widget_type=\"heading.default\">\n\t\t\t\t<div class=\"elementor-widget-container\">\n\t\t\t\t\t<h2 class=\"elementor-heading-title elementor-size-default\"><br>Pour ses 30 ans, Hector t'invite\n\u00e0 VENIR d\u00e9guster \nGRATUITEMENT \nun d\u00e9licieux 1\/4 DE poulet r\u00f4ti.<\/h2>\t\t\t\t<\/div>\n\t\t\t\t<\/div>\n\t\t\t\t<div class=\"elementor-element elementor-element-2c71a63 elementor-widget elementor-widget-image\" data-id=\"2c71a63\" data-element_type=\"widget\" data-widget_type=\"image.default\">\n\t\t\t\t<div class=\"elementor-widget-container\">\n\t\t\t\t\t\t\t\t\t\t\t\t\t\t\t<img fetchpriority=\"high\" decoding=\"async\" width=\"686\" height=\"1024\" src=\"https:\/\/hector.be\/wp-content\/uploads\/2024\/10\/Hector-Billboard-686x1024.jpg\" class=\"attachment-large size-large wp-image-2778\" alt=\"Viens f\u00eater les 30 ans d&#039;Hector\" srcset=\"https:\/\/hector.be\/wp-content\/uploads\/2024\/10\/Hector-Billboard-686x1024.jpg 686w, https:\/\/hector.be\/wp-content\/uploads\/2024\/10\/Hector-Billboard-201x300.jpg 201w, https:\/\/hector.be\/wp-content\/uploads\/2024\/10\/Hector-Billboard-8x12.jpg 8w, https:\/\/hector.be\/wp-content\/uploads\/2024\/10\/Hector-Billboard.jpg 703w\" sizes=\"(max-width: 686px) 100vw, 686px\" \/>\t\t\t\t\t\t\t\t\t\t\t\t\t\t\t<\/div>\n\t\t\t\t<\/div>\n\t\t<div class=\"elementor-element elementor-element-933845e e-con-full e-flex e-con e-child\" data-id=\"933845e\" data-element_type=\"container\">\n\t\t\t\t<div class=\"elementor-element elementor-element-4f7ed3c elementor-widget elementor-widget-text-editor\" data-id=\"4f7ed3c\" data-element_type=\"widget\" data-widget_type=\"text-editor.default\">\n\t\t\t\t<div class=\"elementor-widget-container\">\n\t\t\t\t\t\t\t\t\t<p>Si<b> tu travailles chez KFC*<\/b> (<a href=\"#non\"><u>ou pas mais alors il y a une condition<\/u><\/a> \ud83d\ude1c) et que tu as envie de changer un peu du poulet frit, <br><b>Hector t&rsquo;invite \u00e0 venir d\u00e9guster GRATUITEMENT*<\/b> un d\u00e9licieux 1\/4 DE poulet r\u00f4ti accompagn\u00e9 de frites, DE L\u00c9GUMES ET D&rsquo;UNE SAUCE CHAUDE.<\/p>\n<p><b><span style=\"text-decoration: underline;\">DATE: MERCREDI 13 NOVEMBRE 2024 \u00e0 12H30<\/span><br><span style=\"text-decoration: underline;\"><span style=\"color: var( --e-global-color-text ); letter-spacing: 0px; text-decoration: underline;\">LIEUX: HECTOR PLACE DE LA CATHEDRALE<\/span><\/span><\/b><\/p>\n<p><span data-teams=\"true\"><span class=\"ui-provider a b c d e f g h i j k l m n o p q r s t u v w x y z ab ac ae af ag ah ai aj ak\" dir=\"ltr\"><strong>Ne rate pas cette offre exclusive et savoureuse !<\/strong> Inscris-toi d\u00e8s maintenant et pr\u00e9pare-toi pour la f\u00eate \ud83d\udc49<\/span><\/span><\/p>\t\t\t\t\t\t\t\t<\/div>\n\t\t\t\t<\/div>\n\t\t\t\t<div class=\"elementor-element elementor-element-8013344 elementor-widget__width-initial elementor-widget elementor-widget-text-editor\" data-id=\"8013344\" data-element_type=\"widget\" data-widget_type=\"text-editor.default\">\n\t\t\t\t<div class=\"elementor-widget-container\">\n\t\t\t\t\t\t\t\t\t<div class=\"wpforms-container wpforms-container-full\" id=\"wpforms-2773\"><form id=\"wpforms-form-2773\" class=\"wpforms-validate wpforms-form wpforms-ajax-form\" data-formid=\"2773\" method=\"post\" enctype=\"multipart\/form-data\" action=\"\/nl\/wp-json\/wp\/v2\/pages\/2776\" data-token=\"6cb907c633340c5b5e6628d1cf4980ca\" data-token-time=\"1777579447\" data-trp-original-action=\"\/nl\/wp-json\/wp\/v2\/pages\/2776\"><noscript class=\"wpforms-error-noscript\">Schakel JavaScript in je browser in om dit formulier in te vullen.<\/noscript><div class=\"wpforms-field-container\"><div id=\"wpforms-2773-field_1-container\" class=\"wpforms-field wpforms-field-name\" data-field-id=\"1\"><label class=\"wpforms-field-label\">Pr\u00e9nom, Nom <span class=\"wpforms-required-label\">*<\/span><\/label><div class=\"wpforms-field-row wpforms-field-large\"><div class=\"wpforms-field-row-block wpforms-first wpforms-one-half\"><input type=\"text\" id=\"wpforms-2773-field_1\" class=\"wpforms-field-name-first wpforms-field-required\" name=\"wpforms[fields][1][first]\" required><label for=\"wpforms-2773-field_1\" class=\"wpforms-field-sublabel after\">Voornaam<\/label><\/div><div class=\"wpforms-field-row-block wpforms-one-half\"><input type=\"text\" id=\"wpforms-2773-field_1-last\" class=\"wpforms-field-name-last wpforms-field-required\" name=\"wpforms[fields][1][last]\" required><label for=\"wpforms-2773-field_1-last\" class=\"wpforms-field-sublabel after\">Achternaam<\/label><\/div><\/div><\/div><div id=\"wpforms-2773-field_2-container\" class=\"wpforms-field wpforms-field-email\" data-field-id=\"2\"><label class=\"wpforms-field-label\" for=\"wpforms-2773-field_2\">Email <span class=\"wpforms-required-label\">*<\/span><\/label><input type=\"email\" id=\"wpforms-2773-field_2\" class=\"wpforms-field-large wpforms-field-required\" name=\"wpforms[fields][2]\" spellcheck=\"false\" required><\/div><div id=\"wpforms-2773-field_8-container\" class=\"wpforms-field wpforms-field-date-time\" data-field-id=\"8\"><label class=\"wpforms-field-label\" for=\"wpforms-2773-field_8\">Date de naisance <span class=\"wpforms-required-label\">*<\/span><\/label><div class=\"wpforms-datepicker-wrap\"><input type=\"text\" id=\"wpforms-2773-field_8\" class=\"wpforms-field-date-time-date wpforms-datepicker wpforms-field-required wpforms-field-medium\" data-date-format=\"m\/d\/Y\" data-disable-past-dates=\"0\" data-input=\"true\" name=\"wpforms[fields][8][date]\" required><a title=\"Clear Date\" data-clear class=\"wpforms-datepicker-clear\" style=\"display:none;\"><\/a><\/div><\/div><div id=\"wpforms-2773-field_6-container\" class=\"wpforms-field wpforms-field-select wpforms-field-select-style-modern\" data-field-id=\"6\"><label class=\"wpforms-field-label\" for=\"wpforms-2773-field_6\">Nombre de convives <span class=\"wpforms-required-label\">*<\/span><\/label><select id=\"wpforms-2773-field_6\" class=\"wpforms-field-large wpforms-field-required choicesjs-select\" data-size-class=\"wpforms-field-row wpforms-field-large\" data-search-enabled=\"\" name=\"wpforms[fields][6]\" required=\"required\"><option value=\"\" class=\"placeholder\" disabled selected='selected'>1<\/option><option value=\"1\" >1<\/option><option value=\"2\" >2<\/option><option value=\"3\" >3<\/option><option value=\"4\" >4<\/option><\/select><\/div><div id=\"wpforms-2773-field_5-container\" class=\"wpforms-field wpforms-field-radio\" data-field-id=\"5\"><label class=\"wpforms-field-label\">Choisi <span class=\"wpforms-required-label\">*<\/span><\/label><ul id=\"wpforms-2773-field_5\" class=\"wpforms-field-required\"><li class=\"choice-1 depth-1\"><input type=\"radio\" id=\"wpforms-2773-field_5_1\" name=\"wpforms[fields][5]\" value=\"JE TRAVAILLE CHEZ KFC\" required><label class=\"wpforms-field-label-inline\" for=\"wpforms-2773-field_5_1\">JE TRAVAILLE CHEZ KFC<\/label><\/li><li class=\"choice-2 depth-1\"><input type=\"radio\" id=\"wpforms-2773-field_5_2\" name=\"wpforms[fields][5]\" value=\"JE VIENDRAIS D\u00c9GUIS\u00c9\" required><label class=\"wpforms-field-label-inline\" for=\"wpforms-2773-field_5_2\">JE VIENDRAIS D\u00c9GUIS\u00c9<\/label><\/li><\/ul><\/div><\/div><!-- .wpforms-field-container --><div class=\"wpforms-submit-container\" ><input type=\"hidden\" name=\"wpforms[id]\" value=\"2773\"><input type=\"hidden\" name=\"page_title\" value=\"\"><input type=\"hidden\" name=\"page_url\" value=\"https:\/\/hector.be\/nl\/wp-json\/wp\/v2\/pages\/2776\"><button type=\"submit\" name=\"wpforms[submit]\" id=\"wpforms-submit-2773\" class=\"wpforms-submit\" data-alt-text=\"Envoi...\" data-submit-text=\"JE M&#039;INSCRIS\" aria-live=\"assertive\" value=\"wpforms-submit\">JE M&#039;INSCRIS<\/button><img decoding=\"async\" src=\"https:\/\/hector.be\/wp-content\/plugins\/wpforms\/assets\/images\/submit-spin.svg\" class=\"wpforms-submit-spinner\" style=\"display: none;\" width=\"26\" height=\"26\" alt=\"Aan het laden\"><\/div><input type=\"hidden\" name=\"trp-form-language\" value=\"nl\"\/><\/form><\/div>  <!-- .wpforms-container -->\t\t\t\t\t\t\t\t\t<\/div>\n\t\t\t\t<\/div>\n\t\t\t\t<div class=\"elementor-element elementor-element-1a2e147 elementor-widget elementor-widget-menu-anchor\" data-id=\"1a2e147\" data-element_type=\"widget\" data-widget_type=\"menu-anchor.default\">\n\t\t\t\t<div class=\"elementor-widget-container\">\n\t\t\t\t\t\t\t<div class=\"elementor-menu-anchor\" id=\"non\"><\/div>\n\t\t\t\t\t\t<\/div>\n\t\t\t\t<\/div>\n\t\t\t\t<div class=\"elementor-element elementor-element-513dc12 elementor-widget elementor-widget-text-editor\" data-id=\"513dc12\" data-element_type=\"widget\" data-widget_type=\"text-editor.default\">\n\t\t\t\t<div class=\"elementor-widget-container\">\n\t\t\t\t\t\t\t\t\t<p><b>* Et si tu ne travailles pas chez KFC,<\/b> tu peux aussi faire partie de la f\u00eate. <b>D\u00e9guises-toi<\/b> en poulet \ud83d\udc14 (\u00e0 plumes ou \u00e0 k\u00e9pi), en poule \ud83d\udc13(\u00e0 plumes ou de luxe) ou m\u00eame en \u0153uf \ud83e\udd5a (\u00e0 futures plumes ou au plat), sois parmi les premiers \u00e0 t&rsquo;inscrire et la f\u00eate est \u00e0 toi!<\/p>\n<p><br><\/p>\n<p><br><\/p>\n<h6>*1 offre valable PAR PERSONNE OU par FAMILLE, OFFRE LIMIT\u00c9E AUX 50 PREMIERS INSCRITS<\/h6>\t\t\t\t\t\t\t\t<\/div>\n\t\t\t\t<\/div>\n\t\t\t\t<\/div>\n\t\t\t\t<\/div>\n\t\t\t\t<\/div>","protected":false},"excerpt":{"rendered":"<p>Pour ses 30 ans, Hector t&rsquo;invite \u00e0 VENIR d\u00e9guster GRATUITEMENT un d\u00e9licieux 1\/4 DE poulet r\u00f4ti. Si tu travailles chez KFC* (ou pas mais alors il y a une condition \ud83d\ude1c) et que tu as envie de changer un peu du poulet frit, Hector t&rsquo;invite \u00e0 venir d\u00e9guster GRATUITEMENT* un d\u00e9licieux 1\/4 DE poulet r\u00f4ti [&hellip;]<\/p>","protected":false},"author":1,"featured_media":2778,"parent":0,"menu_order":0,"comment_status":"closed","ping_status":"closed","template":"","meta":{"footnotes":""},"class_list":["post-2776","page","type-page","status-publish","has-post-thumbnail","hentry"],"aioseo_notices":[],"_links":{"self":[{"href":"https:\/\/hector.be\/nl\/wp-json\/wp\/v2\/pages\/2776","targetHints":{"allow":["GET"]}}],"collection":[{"href":"https:\/\/hector.be\/nl\/wp-json\/wp\/v2\/pages"}],"about":[{"href":"https:\/\/hector.be\/nl\/wp-json\/wp\/v2\/types\/page"}],"author":[{"embeddable":true,"href":"https:\/\/hector.be\/nl\/wp-json\/wp\/v2\/users\/1"}],"replies":[{"embeddable":true,"href":"https:\/\/hector.be\/nl\/wp-json\/wp\/v2\/comments?post=2776"}],"version-history":[{"count":200,"href":"https:\/\/hector.be\/nl\/wp-json\/wp\/v2\/pages\/2776\/revisions"}],"predecessor-version":[{"id":3028,"href":"https:\/\/hector.be\/nl\/wp-json\/wp\/v2\/pages\/2776\/revisions\/3028"}],"wp:featuredmedia":[{"embeddable":true,"href":"https:\/\/hector.be\/nl\/wp-json\/wp\/v2\/media\/2778"}],"wp:attachment":[{"href":"https:\/\/hector.be\/nl\/wp-json\/wp\/v2\/media?parent=2776"}],"curies":[{"name":"wp","href":"https:\/\/api.w.org\/{rel}","templated":true}]}}