{"id":2389,"date":"2024-03-18T11:09:03","date_gmt":"2024-03-18T10:09:03","guid":{"rendered":"https:\/\/hector.be\/?page_id=2389"},"modified":"2025-01-17T15:21:27","modified_gmt":"2025-01-17T14:21:27","slug":"restaurants","status":"publish","type":"page","link":"https:\/\/hector.be\/nl\/restaurants\/","title":{"rendered":"RESTAURANTS"},"content":{"rendered":"<div data-elementor-type=\"wp-page\" data-elementor-id=\"2389\" class=\"elementor elementor-2389\" data-elementor-post-type=\"page\">\n\t\t\t\t<div class=\"elementor-element elementor-element-c62bbdd e-con-full e-flex e-con e-parent\" data-id=\"c62bbdd\" data-element_type=\"container\">\n\t\t\t\t<div class=\"elementor-element elementor-element-028df45 elementor-widget elementor-widget-html\" data-id=\"028df45\" data-element_type=\"widget\" data-widget_type=\"html.default\">\n\t\t\t\t<div class=\"elementor-widget-container\">\n\t\t\t\t\t\t\t\t\t<\/div>\n\t\t\t\t<\/div>\n\t\t\t\t<\/div>\n\t\t<div class=\"elementor-element elementor-element-1fdfc5ee e-con-full e-flex e-con e-parent\" data-id=\"1fdfc5ee\" data-element_type=\"container\" data-settings=\"{&quot;background_background&quot;:&quot;classic&quot;}\">\n\t\t<div class=\"elementor-element elementor-element-3cf869d6 e-con-full e-flex e-con e-child\" data-id=\"3cf869d6\" data-element_type=\"container\">\n\t\t\t\t<div class=\"elementor-element elementor-element-6e89e2c elementor-widget elementor-widget-video\" data-id=\"6e89e2c\" data-element_type=\"widget\" data-settings=\"{&quot;video_type&quot;:&quot;hosted&quot;,&quot;start&quot;:1,&quot;controls&quot;:&quot;yes&quot;}\" data-widget_type=\"video.default\">\n\t\t\t\t<div class=\"elementor-widget-container\">\n\t\t\t\t\t\t\t<div class=\"e-hosted-video elementor-wrapper elementor-open-inline\">\n\t\t\t\t\t<video class=\"elementor-video\" src=\"https:\/\/hector.be\/wp-content\/uploads\/2024\/03\/WhatsApp-Video-2024-03-04-at-17.01.12.mp4#t=1\" controls=\"\" preload=\"metadata\" controlslist=\"nodownload\"><\/video>\n\t\t\t\t<\/div>\n\t\t\t\t\t\t<\/div>\n\t\t\t\t<\/div>\n\t\t\t\t<\/div>\n\t\t<div class=\"elementor-element elementor-element-521a9159 e-con-full e-flex e-con e-child\" data-id=\"521a9159\" data-element_type=\"container\" data-settings=\"{&quot;background_background&quot;:&quot;classic&quot;}\">\n\t\t\t\t<div class=\"elementor-element elementor-element-46082c95 elementor-widget elementor-widget-heading\" data-id=\"46082c95\" data-element_type=\"widget\" data-widget_type=\"heading.default\">\n\t\t\t\t<div class=\"elementor-widget-container\">\n\t\t\t\t\t<h2 class=\"elementor-heading-title elementor-size-default\"><b>T\u00e9l\u00e9chargez notre App<\/b><\/h2>\t\t\t\t<\/div>\n\t\t\t\t<\/div>\n\t\t\t\t<div class=\"elementor-element elementor-element-4cfeb54e elementor-widget__width-initial elementor-widget elementor-widget-text-editor\" data-id=\"4cfeb54e\" data-element_type=\"widget\" data-widget_type=\"text-editor.default\">\n\t\t\t\t<div class=\"elementor-widget-container\">\n\t\t\t\t\t\t\t\t\t\u00c9pargnez des points, \nque vous pouvez \u00e9changer contre des r\u00e9compenses gratuites. \nProfitez aussi de deals exclusifs et de super extras r\u00e9serv\u00e9s aux utilisateurs de notre app !\t\t\t\t\t\t\t\t<\/div>\n\t\t\t\t<\/div>\n\t\t\t\t<div class=\"elementor-element elementor-element-474b07e elementor-widget elementor-widget-image\" data-id=\"474b07e\" data-element_type=\"widget\" data-widget_type=\"image.default\">\n\t\t\t\t<div class=\"elementor-widget-container\">\n\t\t\t\t\t\t\t\t\t\t\t\t\t\t\t\t<a href=\"https:\/\/apps.apple.com\/be\/app\/hector-chicken\/id1601636357\" target=\"_blank\">\n\t\t\t\t\t\t\t<img fetchpriority=\"high\" decoding=\"async\" width=\"1084\" height=\"321\" src=\"https:\/\/hector.be\/wp-content\/uploads\/2022\/12\/logoappstoreIOS.png\" class=\"attachment-full size-full wp-image-916\" alt=\"\" srcset=\"https:\/\/hector.be\/wp-content\/uploads\/2022\/12\/logoappstoreIOS.png 1084w, https:\/\/hector.be\/wp-content\/uploads\/2022\/12\/logoappstoreIOS-300x89.png 300w, https:\/\/hector.be\/wp-content\/uploads\/2022\/12\/logoappstoreIOS-1024x303.png 1024w, https:\/\/hector.be\/wp-content\/uploads\/2022\/12\/logoappstoreIOS-768x227.png 768w, https:\/\/hector.be\/wp-content\/uploads\/2022\/12\/logoappstoreIOS-18x5.png 18w\" sizes=\"(max-width: 1084px) 100vw, 1084px\" \/>\t\t\t\t\t\t\t\t<\/a>\n\t\t\t\t\t\t\t\t\t\t\t\t\t\t\t<\/div>\n\t\t\t\t<\/div>\n\t\t\t\t<div class=\"elementor-element elementor-element-4765c041 elementor-widget elementor-widget-image\" data-id=\"4765c041\" data-element_type=\"widget\" data-widget_type=\"image.default\">\n\t\t\t\t<div class=\"elementor-widget-container\">\n\t\t\t\t\t\t\t\t\t\t\t\t\t\t\t\t<a href=\"https:\/\/play.google.com\/store\/apps\/details?id=com.como.prodhectorchicken\" target=\"_blank\">\n\t\t\t\t\t\t\t<img decoding=\"async\" width=\"1084\" height=\"323\" src=\"https:\/\/hector.be\/wp-content\/uploads\/2022\/12\/logoappstoreGoogle.png\" class=\"attachment-full size-full wp-image-915\" alt=\"\" srcset=\"https:\/\/hector.be\/wp-content\/uploads\/2022\/12\/logoappstoreGoogle.png 1084w, https:\/\/hector.be\/wp-content\/uploads\/2022\/12\/logoappstoreGoogle-300x89.png 300w, https:\/\/hector.be\/wp-content\/uploads\/2022\/12\/logoappstoreGoogle-1024x305.png 1024w, https:\/\/hector.be\/wp-content\/uploads\/2022\/12\/logoappstoreGoogle-768x229.png 768w, https:\/\/hector.be\/wp-content\/uploads\/2022\/12\/logoappstoreGoogle-18x5.png 18w\" sizes=\"(max-width: 1084px) 100vw, 1084px\" \/>\t\t\t\t\t\t\t\t<\/a>\n\t\t\t\t\t\t\t\t\t\t\t\t\t\t\t<\/div>\n\t\t\t\t<\/div>\n\t\t\t\t<\/div>\n\t\t\t\t<\/div>\n\t\t\t\t<\/div>","protected":false},"excerpt":{"rendered":"<p>https:\/\/hector.be\/wp-content\/uploads\/2024\/03\/WhatsApp-Video-2024-03-04-at-17.01.12.mp4#t=1 T\u00e9l\u00e9chargez notre App \u00c9pargnez des points, que vous pouvez \u00e9changer contre des r\u00e9compenses gratuites. Profitez aussi de deals exclusifs et de super extras r\u00e9serv\u00e9s aux utilisateurs de notre app !<\/p>","protected":false},"author":1,"featured_media":0,"parent":0,"menu_order":0,"comment_status":"closed","ping_status":"closed","template":"elementor_header_footer","meta":{"footnotes":""},"class_list":["post-2389","page","type-page","status-publish","hentry"],"aioseo_notices":[],"_links":{"self":[{"href":"https:\/\/hector.be\/nl\/wp-json\/wp\/v2\/pages\/2389","targetHints":{"allow":["GET"]}}],"collection":[{"href":"https:\/\/hector.be\/nl\/wp-json\/wp\/v2\/pages"}],"about":[{"href":"https:\/\/hector.be\/nl\/wp-json\/wp\/v2\/types\/page"}],"author":[{"embeddable":true,"href":"https:\/\/hector.be\/nl\/wp-json\/wp\/v2\/users\/1"}],"replies":[{"embeddable":true,"href":"https:\/\/hector.be\/nl\/wp-json\/wp\/v2\/comments?post=2389"}],"version-history":[{"count":55,"href":"https:\/\/hector.be\/nl\/wp-json\/wp\/v2\/pages\/2389\/revisions"}],"predecessor-version":[{"id":3039,"href":"https:\/\/hector.be\/nl\/wp-json\/wp\/v2\/pages\/2389\/revisions\/3039"}],"wp:attachment":[{"href":"https:\/\/hector.be\/nl\/wp-json\/wp\/v2\/media?parent=2389"}],"curies":[{"name":"wp","href":"https:\/\/api.w.org\/{rel}","templated":true}]}}