{"id":2034,"date":"2024-02-27T19:30:55","date_gmt":"2024-02-27T18:30:55","guid":{"rendered":"https:\/\/hector.be\/?page_id=2034"},"modified":"2024-02-27T19:39:25","modified_gmt":"2024-02-27T18:39:25","slug":"mentions-legales","status":"publish","type":"page","link":"https:\/\/hector.be\/nl\/mentions-legales\/","title":{"rendered":"Mentions l\u00e9gales"},"content":{"rendered":"<div data-elementor-type=\"wp-page\" data-elementor-id=\"2034\" class=\"elementor elementor-2034\" data-elementor-post-type=\"page\">\n\t\t\t\t\t\t<section class=\"elementor-section elementor-top-section elementor-element elementor-element-194f2f0b elementor-section-full_width elementor-section-height-min-height elementor-section-height-default elementor-section-items-middle\" data-id=\"194f2f0b\" data-element_type=\"section\" data-settings=\"{&quot;background_background&quot;:&quot;classic&quot;}\">\n\t\t\t\t\t\t<div class=\"elementor-container elementor-column-gap-no\">\n\t\t\t\t\t<div class=\"elementor-column elementor-col-100 elementor-top-column elementor-element elementor-element-55a2dcfd\" data-id=\"55a2dcfd\" data-element_type=\"column\">\n\t\t\t<div class=\"elementor-widget-wrap\">\n\t\t\t\t\t\t\t<\/div>\n\t\t<\/div>\n\t\t\t\t\t<\/div>\n\t\t<\/section>\n\t\t\t\t<section class=\"elementor-section elementor-top-section elementor-element elementor-element-11dbc1e5 elementor-section-boxed elementor-section-height-default elementor-section-height-default\" data-id=\"11dbc1e5\" data-element_type=\"section\" data-settings=\"{&quot;background_background&quot;:&quot;classic&quot;}\">\n\t\t\t\t\t\t<div class=\"elementor-container elementor-column-gap-default\">\n\t\t\t\t\t<div class=\"elementor-column elementor-col-100 elementor-top-column elementor-element elementor-element-960f93e\" data-id=\"960f93e\" data-element_type=\"column\">\n\t\t\t<div class=\"elementor-widget-wrap elementor-element-populated\">\n\t\t\t\t\t\t<div class=\"elementor-element elementor-element-7aa630a9 elementor-widget elementor-widget-text-editor\" data-id=\"7aa630a9\" data-element_type=\"widget\" data-widget_type=\"text-editor.default\">\n\t\t\t\t<div class=\"elementor-widget-container\">\n\t\t\t\t\t\t\t\t\t<h2>Mentions l\u00e9gales<\/h2><p>Le pr\u00e9sent site (hector.be) est d\u00e9tenu et exploit\u00e9 par SOGEREST BELGIUM SRL (ci-apr\u00e8s Site Web). L\u2019acc\u00e8s \u00e0 ce Site Web et l\u2019utilisation que vous en faites d\u00e9pendent de votre acceptation et de votre respect des mentions et renonciations \u00e9nonc\u00e9es ci-dessous et ailleurs sur le Site Web. En utilisant le Site Web, vous serez r\u00e9put\u00e9 avoir accept\u00e9 les pr\u00e9sentes mentions. \u00c9diteur responsable SOGEREST BELGIUM SRL (sous l\u2019enseigne: HECTOR CHICKEN) Si\u00e8ge Social: Av. de la Toison d&rsquo;Or 6 \u2013 1050 Ixelles.\u00a0 Num\u00e9ro d\u2019entreprise: 0459.906.791 T\u00e9l\u00e9phone: +32 2 511 52 22 Email: Contacter Webmaster Fabian Lamon H\u00e9bergeur HOSTINGER. Plus d\u2019information sur hostinger.com\/<\/p><h2>Protection des donn\u00e9es<\/h2><h3>Informations g\u00e9n\u00e9rales<\/h3><p>Pour toutes questions concernant la protection des donn\u00e9es, veuillez contacter le responsable du traitement des donn\u00e9es: SOGEREST BELGIUM SRL, immatricul\u00e9 aupr\u00e8s de la banque carrefour des entreprises sous le num\u00e9ro BCE 0459.906.791 par email \u00e0 l\u2019adresse info@hector.be ou par courrier postal \u00e0 son si\u00e8ge social Av. de la Toison d&rsquo;Or 6 \u2013 1050 Ixelles, Belgique<\/p><h3>Traitement des donn\u00e9es \u00e0 caract\u00e8re personnel et transfert \u00e0 des tiers<\/h3><p>Lors de l\u2019utilisation de notre site, certaines donn\u00e9es personnelles sont collect\u00e9es automatiquement sur votre appareil (ordinateur, t\u00e9l\u00e9phone portable, tablette, etc.). L\u2019adresse IP actuellement utilis\u00e9e par votre appareil, la date, l\u2019heure, le navigateur, le syst\u00e8me d\u2019exploitation de votre appareil et les pages r\u00e9cup\u00e9r\u00e9es sont collect\u00e9s. Ceci dans le but de veiller \u00e0 la s\u00e9curit\u00e9 des donn\u00e9es, pour optimiser notre port\u00e9e et am\u00e9liorer notre site Web. Le traitement de ces donn\u00e9es personnelles est effectu\u00e9 en vertu de l\u2019art. 6, paragr. 1, phrase 1, lettre f) du RGPD (R\u00e8glement g\u00e9n\u00e9ral sur la protection des donn\u00e9es). La protection de notre site Internet et l\u2019optimisation de nos services repr\u00e9sentent un int\u00e9r\u00eat l\u00e9gitime de notre part.<\/p><p>Si vous nous contactez (p. ex. par le biais d\u2019une demande aux coordonn\u00e9es que nous vous avons fournies), nous ne traiterons que les donn\u00e9es personnelles que vous nous aurez fournies et qui sont n\u00e9cessaires pour traiter votre demande et y r\u00e9pondre.<\/p><p>Afin de mener \u00e0 bien les activit\u00e9s de traitement des donn\u00e9es d\u00e9crites dans la pr\u00e9sente D\u00e9claration de protection des donn\u00e9es, p. ex. pour l\u2019h\u00e9bergement et l\u2019entretien de notre site Web, nous faisons appel \u00e0 des prestataires de service.<\/p><h2>Cookies<\/h2><p>Afin de rendre nos services attrayants et permettre l\u2019utilisation de certaines fonctions, nous utilisons des cookies. Il s\u2019agit de petits fichiers textes qui sont enregistr\u00e9s sur votre appareil. Certains des cookies que nous utilisons sont supprim\u00e9s d\u00e8s la fermeture de la session de navigation, autrement dit lorsque vous fermez votre navigateur (ils sont appel\u00e9s cookies de session). D\u2019autres cookies restent sur votre appareil et nous permettent de reconna\u00eetre votre navigateur lors de votre prochaine visite (cookies persistants). Vous pouvez configurer votre navigateur de fa\u00e7on \u00e0 \u00eatre inform\u00e9 de l\u2019utilisation de cookies et d\u00e9cider au cas par cas de les accepter, ou de les refuser dans certains cas ou en g\u00e9n\u00e9ral. Pour plus d\u2019informations, reportez-vous \u00e0 la fonction d\u2019aide de votre navigateur Internet. En cas de refus des cookies, la fonctionnalit\u00e9 de notre site Internet peut \u00eatre limit\u00e9e. En acceptant notre \u00ab bandeau cookies \u00bb, vous consentez \u00e0 ce que vos donn\u00e9es personnelles soient trait\u00e9es par les cookies. Les donn\u00e9es personnelles sont trait\u00e9es en vertu de l\u2019art. 6, paragr. 1, phrase 1, lettre a du RGPD. Vous trouverez ci-dessous des informations sur les cookies sp\u00e9cifiques.<\/p><p>Nous d\u00e9ployons Google Analytics, un service d\u2019analyse Web de Google Inc. (\u00ab Google \u00bb). Google Analytics utilise \u00e9galement des cookies. Les informations g\u00e9n\u00e9r\u00e9es par les cookies concernant l\u2019utilisation que vous faites de ce site sont g\u00e9n\u00e9ralement transmises \u00e0 un serveur de Google aux \u00c9tats-Unis pour y \u00eatre enregistr\u00e9es. Cependant, avant ce transfert, votre adresse IP est raccourcie par Google au sein des \u00c9tats membres de l\u2019Union europ\u00e9enne ou dans d\u2019autres \u00c9tats signataires de l\u2019Accord sur l\u2019Espace \u00e9conomique europ\u00e9en. L\u2019adresse IP compl\u00e8te ne sera transmise qu\u2019exceptionnellement au serveur de Google aux \u00c9tats-Unis et elle y sera raccourcie. Au nom de l\u2019op\u00e9rateur du site, Google utilise ces informations pour \u00e9valuer l\u2019utilisation du site, \u00e9tablir des rapports sur les activit\u00e9s li\u00e9es au site et fournir d\u2019autres services en rapport avec l\u2019utilisation du site web et d\u2019Internet. L\u2019adresse IP transmise par votre navigateur dans le cadre de Google Analytics ne sera pas fusionn\u00e9e avec d\u2019autres donn\u00e9es appartenant \u00e0 Google. Vous pouvez emp\u00eacher l\u2019enregistrement des cookies en parametrant le logiciel du navigateur en cons\u00e9quence. En outre, vous avez la possibilit\u00e9 d\u2019interdire \u00e0 Google le recueil des donn\u00e9es g\u00e9n\u00e9r\u00e9es par les cookies au cours de la visite effectu\u00e9e sur le site (y compris votre adresse IP), et le traitement de ces donn\u00e9es, en t\u00e9l\u00e9chargeant puis en installant le module compl\u00e9mentaire disponible sur : https:\/\/tools.google.com\/dlpage\/gaoptout .<\/p><h3>Dispositions relatives aux donn\u00e9es \u00e0 caract\u00e8re personnel et \u00e0 la dur\u00e9e de conservation<\/h3><p>Vos donn\u00e9es personnelles sont fournies sur une base volontaire. Vous n\u2019\u00eates pas l\u00e9galement tenu de nous fournir vos donn\u00e9es personnelles. Si vous ne souhaitez pas nous fournir vos donn\u00e9es personnelles, cela n\u2019a aucune cons\u00e9quence pour vous si ce n\u2019est que vous ne pouvez pas utiliser nos services. Les donn\u00e9es personnelles que vous nous fournissez via notre site Web ne sont conserv\u00e9es que pour la finalit\u00e9 pour laquelle elles nous ont \u00e9t\u00e9 confi\u00e9es. Des p\u00e9riodes de stockage diff\u00e9rentes peuvent \u00e9galement survenir en raison d\u2019un int\u00e9r\u00eat l\u00e9gitime de SOGEREST BELGIUM SRL (p. ex. pour assurer la s\u00e9curit\u00e9 des donn\u00e9es et pour \u00e9viter tout abus). Les donn\u00e9es personnelles que nous devons stocker en raison d\u2019obligations l\u00e9gales ou contractuelles de conservation seront bloqu\u00e9es.<\/p><h3>Vos droits<\/h3><p>Pour faire valoir vos droits en vertu du RGPD, notamment :<\/p><p>le droit \u00e0 l\u2019information sur le traitement de vos donn\u00e9es personnelles et le droit d\u2019obtention d\u2019un exemplaire de vos donn\u00e9es (article 15 du GRPD) ;<br \/>le droit \u00e0 la correction des donn\u00e9es erron\u00e9es et le droit de compl\u00e9ter les donn\u00e9es incompl\u00e8tes (article 16 du RGPD) ;<br \/>le droit \u00e0 la suppression de vos donn\u00e9es personnelles et, en cas de divulgation, notre devoir d\u2019informer les autres parties responsables de la demande de suppression (article 17 du RGPD) ;<br \/>le droit de limitation du traitement de vos donn\u00e9es personnelles (article 18 du RGPD) ;<br \/>le droit \u00e0 la portabilit\u00e9 des donn\u00e9es, afin que vos donn\u00e9es personnelles vous soient remises dans un format structur\u00e9, \u00e9tabli et lisible par machine, ainsi que le droit de transf\u00e9rer vos donn\u00e9es \u00e0 une autre personne responsable sans notre intervention (article 20 du RGPD) ;<br \/>le droit de r\u00e9vocation d\u2019un consentement \u00e9mis ; la r\u00e9vocation n\u2019affecte pas la l\u00e9galit\u00e9 du traitement effectu\u00e9 sur la base du consentement pr\u00e9alable \u00e0 la r\u00e9vocation (article 7 du RGPD) ; ete droit de vous opposer au traitement de vos donn\u00e9es (article 21 du RGPD),<br \/>Vous pouvez nous contacter \u00e0 tout moment (coordon\u00e9es au premier point). Vous pouvez \u00e9galement porter plainte aupr\u00e8s de l\u2019organisme de supervision comp\u00e9tent si vous consid\u00e9rez que le traitement des donn\u00e9es enfreint les dispositions du RGPD (article 77 du RGPD).<\/p>\t\t\t\t\t\t\t\t<\/div>\n\t\t\t\t<\/div>\n\t\t\t\t\t<\/div>\n\t\t<\/div>\n\t\t\t\t\t<\/div>\n\t\t<\/section>\n\t\t\t\t<\/div>","protected":false},"excerpt":{"rendered":"<p>Mentions l\u00e9gales Le pr\u00e9sent site (hector.be) est d\u00e9tenu et exploit\u00e9 par SOGEREST BELGIUM SRL (ci-apr\u00e8s Site Web). L\u2019acc\u00e8s \u00e0 ce Site Web et l\u2019utilisation que vous en faites d\u00e9pendent de votre acceptation et de votre respect des mentions et renonciations \u00e9nonc\u00e9es ci-dessous et ailleurs sur le Site Web. En utilisant le Site Web, vous serez [&hellip;]<\/p>","protected":false},"author":1,"featured_media":0,"parent":0,"menu_order":0,"comment_status":"closed","ping_status":"closed","template":"elementor_header_footer","meta":{"footnotes":""},"class_list":["post-2034","page","type-page","status-publish","hentry"],"aioseo_notices":[],"_links":{"self":[{"href":"https:\/\/hector.be\/nl\/wp-json\/wp\/v2\/pages\/2034","targetHints":{"allow":["GET"]}}],"collection":[{"href":"https:\/\/hector.be\/nl\/wp-json\/wp\/v2\/pages"}],"about":[{"href":"https:\/\/hector.be\/nl\/wp-json\/wp\/v2\/types\/page"}],"author":[{"embeddable":true,"href":"https:\/\/hector.be\/nl\/wp-json\/wp\/v2\/users\/1"}],"replies":[{"embeddable":true,"href":"https:\/\/hector.be\/nl\/wp-json\/wp\/v2\/comments?post=2034"}],"version-history":[{"count":4,"href":"https:\/\/hector.be\/nl\/wp-json\/wp\/v2\/pages\/2034\/revisions"}],"predecessor-version":[{"id":2038,"href":"https:\/\/hector.be\/nl\/wp-json\/wp\/v2\/pages\/2034\/revisions\/2038"}],"wp:attachment":[{"href":"https:\/\/hector.be\/nl\/wp-json\/wp\/v2\/media?parent=2034"}],"curies":[{"name":"wp","href":"https:\/\/api.w.org\/{rel}","templated":true}]}}