{"id":1236,"date":"2023-06-06T13:41:35","date_gmt":"2023-06-06T12:41:35","guid":{"rendered":"https:\/\/hector.be\/?page_id=1236"},"modified":"2024-03-05T19:59:14","modified_gmt":"2024-03-05T18:59:14","slug":"liege","status":"publish","type":"page","link":"https:\/\/hector.be\/nl\/restaurant\/liege\/","title":{"rendered":"HECTOR LIEGE"},"content":{"rendered":"<div data-elementor-type=\"wp-page\" data-elementor-id=\"1236\" class=\"elementor elementor-1236\" data-elementor-post-type=\"page\">\n\t\t\t\t\t\t<section class=\"elementor-section elementor-top-section elementor-element elementor-element-1c6f4db elementor-section-boxed elementor-section-height-default elementor-section-height-default\" data-id=\"1c6f4db\" data-element_type=\"section\" data-settings=\"{&quot;background_background&quot;:&quot;classic&quot;}\">\n\t\t\t\t\t\t<div class=\"elementor-container elementor-column-gap-default\">\n\t\t\t\t\t<div class=\"elementor-column elementor-col-100 elementor-top-column elementor-element elementor-element-23ec003\" data-id=\"23ec003\" data-element_type=\"column\">\n\t\t\t<div class=\"elementor-widget-wrap elementor-element-populated\">\n\t\t\t\t\t\t<div class=\"elementor-element elementor-element-968ae75 elementor-widget elementor-widget-heading\" data-id=\"968ae75\" data-element_type=\"widget\" data-widget_type=\"heading.default\">\n\t\t\t\t<div class=\"elementor-widget-container\">\n\t\t\t\t\t<h2 class=\"elementor-heading-title elementor-size-default\">LI\u00e8GE - PLACE DE LA CATH\u00e9DRALE<\/h2>\t\t\t\t<\/div>\n\t\t\t\t<\/div>\n\t\t\t\t\t<\/div>\n\t\t<\/div>\n\t\t\t\t\t<\/div>\n\t\t<\/section>\n\t\t\t\t<section class=\"elementor-section elementor-top-section elementor-element elementor-element-45e10af elementor-section-boxed elementor-section-height-default elementor-section-height-default\" data-id=\"45e10af\" data-element_type=\"section\" data-settings=\"{&quot;background_background&quot;:&quot;classic&quot;}\">\n\t\t\t\t\t\t<div class=\"elementor-container elementor-column-gap-default\">\n\t\t\t\t\t<div class=\"elementor-column elementor-col-50 elementor-top-column elementor-element elementor-element-770437e\" data-id=\"770437e\" data-element_type=\"column\">\n\t\t\t<div class=\"elementor-widget-wrap elementor-element-populated\">\n\t\t\t\t\t\t<div class=\"elementor-element elementor-element-ce971aa elementor-widget elementor-widget-text-editor\" data-id=\"ce971aa\" data-element_type=\"widget\" data-widget_type=\"text-editor.default\">\n\t\t\t\t<div class=\"elementor-widget-container\">\n\t\t\t\t\t\t\t\t\t<h1>Hector Chicken Li\u00e8ge<\/h1><p>Rue Vin\u00e2ve d&rsquo;\u00efle 31<\/p><p>4000 Li\u00e8ge<\/p>\t\t\t\t\t\t\t\t<\/div>\n\t\t\t\t<\/div>\n\t\t\t\t<section class=\"elementor-section elementor-inner-section elementor-element elementor-element-9e7e828 elementor-section-boxed elementor-section-height-default elementor-section-height-default\" data-id=\"9e7e828\" data-element_type=\"section\" data-settings=\"{&quot;background_background&quot;:&quot;classic&quot;}\">\n\t\t\t\t\t\t<div class=\"elementor-container elementor-column-gap-default\">\n\t\t\t\t\t<div class=\"elementor-column elementor-col-100 elementor-inner-column elementor-element elementor-element-3cc83c6\" data-id=\"3cc83c6\" data-element_type=\"column\">\n\t\t\t<div class=\"elementor-widget-wrap elementor-element-populated\">\n\t\t\t\t\t\t<div class=\"elementor-element elementor-element-d77d1fa elementor-widget elementor-widget-heading\" data-id=\"d77d1fa\" data-element_type=\"widget\" data-widget_type=\"heading.default\">\n\t\t\t\t<div class=\"elementor-widget-container\">\n\t\t\t\t\t<h2 class=\"elementor-heading-title elementor-size-default\">T\u00e9l\u00e9chargez notre application<\/h2>\t\t\t\t<\/div>\n\t\t\t\t<\/div>\n\t\t\t\t<div class=\"elementor-element elementor-element-ee3476a elementor-widget__width-auto elementor-widget elementor-widget-image\" data-id=\"ee3476a\" data-element_type=\"widget\" data-widget_type=\"image.default\">\n\t\t\t\t<div class=\"elementor-widget-container\">\n\t\t\t\t\t\t\t\t\t\t\t\t<figure class=\"wp-caption\">\n\t\t\t\t\t\t\t\t\t\t\t<a href=\"https:\/\/play.google.com\/store\/apps\/details?id=com.como.prod905420211222\">\n\t\t\t\t\t\t\t<img fetchpriority=\"high\" decoding=\"async\" width=\"460\" height=\"460\" src=\"https:\/\/hector.be\/wp-content\/uploads\/2023\/06\/460x0w.webp\" class=\"attachment-large size-large wp-image-1360\" alt=\"\" srcset=\"https:\/\/hector.be\/wp-content\/uploads\/2023\/06\/460x0w.webp 460w, https:\/\/hector.be\/wp-content\/uploads\/2023\/06\/460x0w-300x300.webp 300w, https:\/\/hector.be\/wp-content\/uploads\/2023\/06\/460x0w-150x150.webp 150w, https:\/\/hector.be\/wp-content\/uploads\/2023\/06\/460x0w-12x12.webp 12w\" sizes=\"(max-width: 460px) 100vw, 460px\" \/>\t\t\t\t\t\t\t\t<\/a>\n\t\t\t\t\t\t\t\t\t\t\t<figcaption class=\"widget-image-caption wp-caption-text\">T\u00e9l\u00e9charger pour ANDROID<\/figcaption>\n\t\t\t\t\t\t\t\t\t\t<\/figure>\n\t\t\t\t\t\t\t\t\t<\/div>\n\t\t\t\t<\/div>\n\t\t\t\t<div class=\"elementor-element elementor-element-74e58b4 elementor-widget__width-auto elementor-widget elementor-widget-image\" data-id=\"74e58b4\" data-element_type=\"widget\" data-widget_type=\"image.default\">\n\t\t\t\t<div class=\"elementor-widget-container\">\n\t\t\t\t\t\t\t\t\t\t\t\t<figure class=\"wp-caption\">\n\t\t\t\t\t\t\t\t\t\t\t<a href=\"https:\/\/apps.apple.com\/be\/app\/hector-chicken\/id1601636357?l=fr#:~:text=Afficher%20dans%20le-,Mac,-App%20Store\">\n\t\t\t\t\t\t\t<img fetchpriority=\"high\" decoding=\"async\" width=\"460\" height=\"460\" src=\"https:\/\/hector.be\/wp-content\/uploads\/2023\/06\/460x0w.webp\" class=\"attachment-large size-large wp-image-1360\" alt=\"\" srcset=\"https:\/\/hector.be\/wp-content\/uploads\/2023\/06\/460x0w.webp 460w, https:\/\/hector.be\/wp-content\/uploads\/2023\/06\/460x0w-300x300.webp 300w, https:\/\/hector.be\/wp-content\/uploads\/2023\/06\/460x0w-150x150.webp 150w, https:\/\/hector.be\/wp-content\/uploads\/2023\/06\/460x0w-12x12.webp 12w\" sizes=\"(max-width: 460px) 100vw, 460px\" \/>\t\t\t\t\t\t\t\t<\/a>\n\t\t\t\t\t\t\t\t\t\t\t<figcaption class=\"widget-image-caption wp-caption-text\">T\u00e9l\u00e9charger pour IOS<\/figcaption>\n\t\t\t\t\t\t\t\t\t\t<\/figure>\n\t\t\t\t\t\t\t\t\t<\/div>\n\t\t\t\t<\/div>\n\t\t\t\t\t<\/div>\n\t\t<\/div>\n\t\t\t\t\t<\/div>\n\t\t<\/section>\n\t\t\t\t\t<\/div>\n\t\t<\/div>\n\t\t\t\t<div class=\"elementor-column elementor-col-50 elementor-top-column elementor-element elementor-element-b0c9cc0\" data-id=\"b0c9cc0\" data-element_type=\"column\">\n\t\t\t<div class=\"elementor-widget-wrap elementor-element-populated\">\n\t\t\t\t\t\t<div class=\"elementor-element elementor-element-8957118 elementor-widget elementor-widget-image\" data-id=\"8957118\" data-element_type=\"widget\" data-widget_type=\"image.default\">\n\t\t\t\t<div class=\"elementor-widget-container\">\n\t\t\t\t\t\t\t\t\t\t\t\t\t\t\t<img decoding=\"async\" width=\"300\" height=\"300\" src=\"https:\/\/hector.be\/wp-content\/uploads\/2023\/06\/IWANTYOU-300x300.png\" class=\"attachment-medium size-medium wp-image-1241\" alt=\"\" srcset=\"https:\/\/hector.be\/wp-content\/uploads\/2023\/06\/IWANTYOU-300x300.png 300w, https:\/\/hector.be\/wp-content\/uploads\/2023\/06\/IWANTYOU-150x150.png 150w, https:\/\/hector.be\/wp-content\/uploads\/2023\/06\/IWANTYOU-12x12.png 12w, https:\/\/hector.be\/wp-content\/uploads\/2023\/06\/IWANTYOU.png 707w\" sizes=\"(max-width: 300px) 100vw, 300px\" \/>\t\t\t\t\t\t\t\t\t\t\t\t\t\t\t<\/div>\n\t\t\t\t<\/div>\n\t\t\t\t<div class=\"elementor-element elementor-element-4d1ebf6 elementor-align-center elementor-widget elementor-widget-button\" data-id=\"4d1ebf6\" data-element_type=\"widget\" data-widget_type=\"button.default\">\n\t\t\t\t<div class=\"elementor-widget-container\">\n\t\t\t\t\t\t\t\t\t<div class=\"elementor-button-wrapper\">\n\t\t\t\t\t<a class=\"elementor-button elementor-button-link elementor-size-sm\" href=\"https:\/\/app.beehire.com\/career\/hector-chicken\" target=\"_blank\">\n\t\t\t\t\t\t<span class=\"elementor-button-content-wrapper\">\n\t\t\t\t\t\t\t\t\t<span class=\"elementor-button-text\">Nous recrutons<\/span>\n\t\t\t\t\t<\/span>\n\t\t\t\t\t<\/a>\n\t\t\t\t<\/div>\n\t\t\t\t\t\t\t\t<\/div>\n\t\t\t\t<\/div>\n\t\t\t\t\t<\/div>\n\t\t<\/div>\n\t\t\t\t\t<\/div>\n\t\t<\/section>\n\t\t\t\t<section class=\"elementor-section elementor-top-section elementor-element elementor-element-2d3d630 elementor-section-full_width elementor-section-height-default elementor-section-height-default\" data-id=\"2d3d630\" data-element_type=\"section\">\n\t\t\t\t\t\t<div class=\"elementor-container elementor-column-gap-no\">\n\t\t\t\t\t<div class=\"elementor-column elementor-col-100 elementor-top-column elementor-element elementor-element-1707a45\" data-id=\"1707a45\" data-element_type=\"column\">\n\t\t\t<div class=\"elementor-widget-wrap elementor-element-populated\">\n\t\t\t\t\t\t<div class=\"elementor-element elementor-element-fa030f0 elementor-widget elementor-widget-google_maps\" data-id=\"fa030f0\" data-element_type=\"widget\" data-widget_type=\"google_maps.default\">\n\t\t\t\t<div class=\"elementor-widget-container\">\n\t\t\t\t\t\t\t<div class=\"elementor-custom-embed\">\n\t\t\t<iframe loading=\"lazy\"\n\t\t\t\t\tsrc=\"https:\/\/www.google.com\/maps\/embed\/v1\/place?key=AIzaSyACAwEzsBMwUWGByCApCoANTsbKpJHBdzs&#038;q=Li%C3%A8ge%2C%205%20Place%20de%20la%20Cath%C3%A9drale&#038;zoom=15\"\n\t\t\t\t\ttitle=\"Li\u00e8ge, 5 Place de la Cath\u00e9drale\"\n\t\t\t\t\taria-label=\"Li\u00e8ge, 5 Place de la Cath\u00e9drale\"\n\t\t\t><\/iframe>\n\t\t<\/div>\n\t\t\t\t\t\t<\/div>\n\t\t\t\t<\/div>\n\t\t\t\t\t<\/div>\n\t\t<\/div>\n\t\t\t\t\t<\/div>\n\t\t<\/section>\n\t\t\t\t<\/div>","protected":false},"excerpt":{"rendered":"<p>LI\u00e8GE &#8211; PLACE DE LA CATH\u00e9DRALE Hector Chicken Li\u00e8ge Rue Vin\u00e2ve d&rsquo;\u00efle 31 4000 Li\u00e8ge T\u00e9l\u00e9chargez notre application T\u00e9l\u00e9charger pour ANDROID T\u00e9l\u00e9charger pour IOS Nous recrutons<\/p>","protected":false},"author":1,"featured_media":0,"parent":510,"menu_order":0,"comment_status":"closed","ping_status":"closed","template":"elementor_header_footer","meta":{"footnotes":""},"class_list":["post-1236","page","type-page","status-publish","hentry"],"aioseo_notices":[],"_links":{"self":[{"href":"https:\/\/hector.be\/nl\/wp-json\/wp\/v2\/pages\/1236","targetHints":{"allow":["GET"]}}],"collection":[{"href":"https:\/\/hector.be\/nl\/wp-json\/wp\/v2\/pages"}],"about":[{"href":"https:\/\/hector.be\/nl\/wp-json\/wp\/v2\/types\/page"}],"author":[{"embeddable":true,"href":"https:\/\/hector.be\/nl\/wp-json\/wp\/v2\/users\/1"}],"replies":[{"embeddable":true,"href":"https:\/\/hector.be\/nl\/wp-json\/wp\/v2\/comments?post=1236"}],"version-history":[{"count":47,"href":"https:\/\/hector.be\/nl\/wp-json\/wp\/v2\/pages\/1236\/revisions"}],"predecessor-version":[{"id":2192,"href":"https:\/\/hector.be\/nl\/wp-json\/wp\/v2\/pages\/1236\/revisions\/2192"}],"up":[{"embeddable":true,"href":"https:\/\/hector.be\/nl\/wp-json\/wp\/v2\/pages\/510"}],"wp:attachment":[{"href":"https:\/\/hector.be\/nl\/wp-json\/wp\/v2\/media?parent=1236"}],"curies":[{"name":"wp","href":"https:\/\/api.w.org\/{rel}","templated":true}]}}